{"id":1550,"date":"2020-09-09T13:48:47","date_gmt":"2020-09-09T13:48:47","guid":{"rendered":"http:\/\/www.bcns7s.com\/it\/?page_id=1550"},"modified":"2020-09-11T16:38:16","modified_gmt":"2020-09-11T16:38:16","slug":"travel","status":"publish","type":"page","link":"https:\/\/www.bcns7s.com\/it\/travel\/","title":{"rendered":"Viaggio"},"content":{"rendered":"<h3>Aeroporti<\/h3>\n<p>2 aeroporti coprono il Festival, la pi\u00f9 vicina alla sede del Festival \u00e8 l&#8217;aeroporto di <strong>Girona<\/strong> 40 km \/ 45 mins mentre l&#8217;aeroporto di <strong>Barcellona El Prat<\/strong> \u00e8 di circa 70 km \/ 1h.<\/p>\n<p><strong>\u2022 Barcellona Aeroporto :<br \/>\n<\/strong>Aer Lingus, Air Berlin, Air France, BA, BMI Baby, British Midland, Iberia, Vueling, Easyjet, Ryanair, Jet2, Monarch, Air Europa, Air Nostrum, German Wings, Air Berlin, Wizz air, KLM, Lufthansa<\/p>\n<p><strong>\u2022 Girona Aeroporto :<br \/>\n<\/strong>Ryanair, Jet2<br \/>\n<hr class=\"dotted\"  style=\"margin-top:20px; margin-bottom:20px;\"  >\n<h3>Stazione<\/h3>\n<p>La estazione <a title=\"Renfe\" href=\"http:\/\/www.renfe.com\/EN\/viajeros\/horarios.html\" target=\"_blank\" rel=\"noopener noreferrer\">Barcelona Sants<\/a> \u00e8 il terminal di arrivo per i viaggiatori in treno o AVE.<br \/>\nIl trasferimento tra la stazione e l&#8217;aeroporto \u00e8 di circa 20 minuti.<br \/>\n<hr class=\"dotted\"  style=\"margin-top:20px; margin-bottom:20px;\"  >\n<h3>Trasferimenti<\/h3>\n<p>Gli autobus privati \u200b\u200bsi occuperanno dei trasferimenti di andata e ritorno dagli aeroporti di Barcellona e Girona al luogo del Festival. L&#8217;unica condizione \u00e8 viaggiare insieme e raggrupparsi per beneficiare del trasferimento. Nel caso in cui un giocatore o un gruppo di meno di 10 persone viaggi separatamente dal resto della squadra, devono andare al Quartier Generale del Festival con i propri mezzi, a meno che non possano salire su un autobus e ho programmato. Una volta arrivati, tutti i partecipanti, compresi i viaggiatori in auto, possono beneficiare dei trasferimenti in autobus per recarsi nei campi di rugby, nei luoghi di vacanza e negli hotel.<br \/>\n<hr class=\"dotted\"  style=\"margin-top:20px; margin-bottom:20px;\"  >\n<h3>In Macchina<\/h3>\n<p>La sede del Festival si trova a circa 80 km dal confine di La Jonquera con la Francia sull&#8217;autostrada AP7. Per maggiori informazioni sull&#8217;itinerario, consultare la nostra pagina Accesso. Il costo di un parcheggio negli hotel \u00e8 di circa 15 \u20ac 24 ore. \u00c8 inoltre possibile parcheggiare l&#8217;auto gratuitamente nelle strade adiacenti agli hotel. Una volta arrivato, \u00e8 possibile lasciare l&#8217;auto immobilizzata durante l&#8217;intero Festival, avendo il centro della citt\u00e0 molto vicino a piedi e beneficiando dei trasferimenti in autobus.<\/p>\n<hr class=\"dotted\"  style=\"margin-top:20px; margin-bottom:20px;\"  >\n<h3>Visa<\/h3>\n<p>I paesi membri della CEE, Australia, Nuova Zelanda, Canada e Stati Uniti possono viaggiare con la loro carta d&#8217;identit\u00e0 o passaporto. Gli altri paesi devono presentare un visto e contattare il consolato spagnolo per le procedure necessarie e poter entrare nel territorio spagnolo.<\/p>\n","protected":false},"excerpt":{"rendered":"<p>Aeroporti 2 aeroporti coprono il Festival, la pi\u00f9 vicina alla sede del Festival \u00e8 l&#8217;aeroporto di Girona 40 km \/ 45 mins mentre l&#8217;aeroporto di Barcellona El Prat \u00e8 di &#8230;<\/p>\n","protected":false},"author":5666,"featured_media":0,"parent":0,"menu_order":0,"comment_status":"closed","ping_status":"closed","template":"","meta":{"footnotes":""},"class_list":["post-1550","page","type-page","status-publish","hentry"],"yoast_head":"<!-- This site is optimized with the Yoast SEO plugin v27.4 - https:\/\/yoast.com\/product\/yoast-seo-wordpress\/ -->\n<title>Viaggio - Barcelona Sunshine 7s<\/title>\n<meta name=\"robots\" content=\"index, follow, max-snippet:-1, max-image-preview:large, max-video-preview:-1\" \/>\n<link rel=\"canonical\" href=\"https:\/\/www.bcns7s.com\/it\/travel\/\" \/>\n<meta property=\"og:locale\" content=\"it_IT\" \/>\n<meta property=\"og:type\" content=\"article\" \/>\n<meta property=\"og:title\" content=\"Viaggio - Barcelona Sunshine 7s\" \/>\n<meta property=\"og:description\" content=\"Aeroporti 2 aeroporti coprono il Festival, la pi\u00f9 vicina alla sede del Festival \u00e8 l&#8217;aeroporto di Girona 40 km \/ 45 mins mentre l&#8217;aeroporto di Barcellona El Prat \u00e8 di ...\" \/>\n<meta property=\"og:url\" content=\"https:\/\/www.bcns7s.com\/it\/travel\/\" \/>\n<meta property=\"og:site_name\" content=\"Barcelona Sunshine 7s\" \/>\n<meta property=\"article:modified_time\" content=\"2020-09-11T16:38:16+00:00\" \/>\n<meta name=\"twitter:card\" content=\"summary_large_image\" \/>\n<meta name=\"twitter:label1\" content=\"Tempo di lettura stimato\" \/>\n\t<meta name=\"twitter:data1\" content=\"2 minuti\" \/>\n<script type=\"application\/ld+json\" class=\"yoast-schema-graph\">{\"@context\":\"https:\\\/\\\/schema.org\",\"@graph\":[{\"@type\":\"WebPage\",\"@id\":\"https:\\\/\\\/www.bcns7s.com\\\/it\\\/travel\\\/\",\"url\":\"https:\\\/\\\/www.bcns7s.com\\\/it\\\/travel\\\/\",\"name\":\"Viaggio - Barcelona Sunshine 7s\",\"isPartOf\":{\"@id\":\"https:\\\/\\\/www.bcns7s.com\\\/#website\"},\"datePublished\":\"2020-09-09T13:48:47+00:00\",\"dateModified\":\"2020-09-11T16:38:16+00:00\",\"breadcrumb\":{\"@id\":\"https:\\\/\\\/www.bcns7s.com\\\/it\\\/travel\\\/#breadcrumb\"},\"inLanguage\":\"it-IT\",\"potentialAction\":[{\"@type\":\"ReadAction\",\"target\":[\"https:\\\/\\\/www.bcns7s.com\\\/it\\\/travel\\\/\"]}]},{\"@type\":\"BreadcrumbList\",\"@id\":\"https:\\\/\\\/www.bcns7s.com\\\/it\\\/travel\\\/#breadcrumb\",\"itemListElement\":[{\"@type\":\"ListItem\",\"position\":1,\"name\":\"Home\",\"item\":\"https:\\\/\\\/www.bcns7s.com\\\/it\\\/\"},{\"@type\":\"ListItem\",\"position\":2,\"name\":\"Viaggio\"}]},{\"@type\":\"WebSite\",\"@id\":\"https:\\\/\\\/www.bcns7s.com\\\/#website\",\"url\":\"https:\\\/\\\/www.bcns7s.com\\\/\",\"name\":\"Barcelona Sunshine 7s\",\"description\":\"\",\"potentialAction\":[{\"@type\":\"SearchAction\",\"target\":{\"@type\":\"EntryPoint\",\"urlTemplate\":\"https:\\\/\\\/www.bcns7s.com\\\/?s={search_term_string}\"},\"query-input\":{\"@type\":\"PropertyValueSpecification\",\"valueRequired\":true,\"valueName\":\"search_term_string\"}}],\"inLanguage\":\"it-IT\"}]}<\/script>\n<!-- \/ Yoast SEO plugin. -->","yoast_head_json":{"title":"Viaggio - Barcelona Sunshine 7s","robots":{"index":"index","follow":"follow","max-snippet":"max-snippet:-1","max-image-preview":"max-image-preview:large","max-video-preview":"max-video-preview:-1"},"canonical":"https:\/\/www.bcns7s.com\/it\/travel\/","og_locale":"it_IT","og_type":"article","og_title":"Viaggio - Barcelona Sunshine 7s","og_description":"Aeroporti 2 aeroporti coprono il Festival, la pi\u00f9 vicina alla sede del Festival \u00e8 l&#8217;aeroporto di Girona 40 km \/ 45 mins mentre l&#8217;aeroporto di Barcellona El Prat \u00e8 di ...","og_url":"https:\/\/www.bcns7s.com\/it\/travel\/","og_site_name":"Barcelona Sunshine 7s","article_modified_time":"2020-09-11T16:38:16+00:00","twitter_card":"summary_large_image","twitter_misc":{"Tempo di lettura stimato":"2 minuti"},"schema":{"@context":"https:\/\/schema.org","@graph":[{"@type":"WebPage","@id":"https:\/\/www.bcns7s.com\/it\/travel\/","url":"https:\/\/www.bcns7s.com\/it\/travel\/","name":"Viaggio - Barcelona Sunshine 7s","isPartOf":{"@id":"https:\/\/www.bcns7s.com\/#website"},"datePublished":"2020-09-09T13:48:47+00:00","dateModified":"2020-09-11T16:38:16+00:00","breadcrumb":{"@id":"https:\/\/www.bcns7s.com\/it\/travel\/#breadcrumb"},"inLanguage":"it-IT","potentialAction":[{"@type":"ReadAction","target":["https:\/\/www.bcns7s.com\/it\/travel\/"]}]},{"@type":"BreadcrumbList","@id":"https:\/\/www.bcns7s.com\/it\/travel\/#breadcrumb","itemListElement":[{"@type":"ListItem","position":1,"name":"Home","item":"https:\/\/www.bcns7s.com\/it\/"},{"@type":"ListItem","position":2,"name":"Viaggio"}]},{"@type":"WebSite","@id":"https:\/\/www.bcns7s.com\/#website","url":"https:\/\/www.bcns7s.com\/","name":"Barcelona Sunshine 7s","description":"","potentialAction":[{"@type":"SearchAction","target":{"@type":"EntryPoint","urlTemplate":"https:\/\/www.bcns7s.com\/?s={search_term_string}"},"query-input":{"@type":"PropertyValueSpecification","valueRequired":true,"valueName":"search_term_string"}}],"inLanguage":"it-IT"}]}},"_links":{"self":[{"href":"https:\/\/www.bcns7s.com\/it\/wp-json\/wp\/v2\/pages\/1550","targetHints":{"allow":["GET"]}}],"collection":[{"href":"https:\/\/www.bcns7s.com\/it\/wp-json\/wp\/v2\/pages"}],"about":[{"href":"https:\/\/www.bcns7s.com\/it\/wp-json\/wp\/v2\/types\/page"}],"author":[{"embeddable":true,"href":"https:\/\/www.bcns7s.com\/it\/wp-json\/wp\/v2\/users\/5666"}],"replies":[{"embeddable":true,"href":"https:\/\/www.bcns7s.com\/it\/wp-json\/wp\/v2\/comments?post=1550"}],"version-history":[{"count":5,"href":"https:\/\/www.bcns7s.com\/it\/wp-json\/wp\/v2\/pages\/1550\/revisions"}],"predecessor-version":[{"id":1648,"href":"https:\/\/www.bcns7s.com\/it\/wp-json\/wp\/v2\/pages\/1550\/revisions\/1648"}],"wp:attachment":[{"href":"https:\/\/www.bcns7s.com\/it\/wp-json\/wp\/v2\/media?parent=1550"}],"curies":[{"name":"wp","href":"https:\/\/api.w.org\/{rel}","templated":true}]}}