{"id":576,"date":"2013-11-05T19:42:27","date_gmt":"2013-11-05T19:42:27","guid":{"rendered":"http:\/\/bcns7s.com\/?page_id=576"},"modified":"2025-10-14T12:27:53","modified_gmt":"2025-10-14T12:27:53","slug":"programme_fr","status":"publish","type":"page","link":"https:\/\/www.bcns7s.com\/fr\/festival\/programme_fr\/","title":{"rendered":"Programme"},"content":{"rendered":"<h2><strong>Vendredi 22 Mai 2026<\/strong><\/h2>\n<p><strong><span style=\"font-size: large;\">13:00 \u2013 22:00<\/span> <\/strong><br \/>\nArriv\u00e9e des \u00e9quipes<\/p>\n<p><strong><span style=\"font-size: large;\">19:00 \u2013 22:30<\/span> <\/strong><br \/>\nAp\u00e9ro \u00e0 l&rsquo;air libre &amp; Soir\u00e9e d\u00e9guis\u00e9e, ambiance DJ<\/p>\n<p><strong><span style=\"font-size: large;\">22:30 \u2013 24:00<\/span> <\/strong><br \/>\nRepas catalan avec Fideua, Dessert &amp; Cerveza<\/p>\n<p><strong><span style=\"font-size: large;\">24:00 \u2013 &#8230;<\/span> <\/strong><br \/>\nLloret by Night<\/p>\n<hr class=\"dotted\"  style=\"margin-top:20px; margin-bottom:20px;\"  >\n<h2><strong>Samedi 23 Mai 2026<\/strong><\/h2>\n<p><strong><span style=\"font-size: large;\">10:00<\/span> <\/strong><br \/>\nD\u00e9but du Tournoi (S\u00e9nior, F\u00e9minines, V\u00e9t\u00e9rans, Touch)<\/p>\n<p><strong><span style=\"font-size: large;\">13:00<\/span>\u00a0<\/strong><br \/>\nLunch Sandwiches\u00a0&amp; Boissons<\/p>\n<p><strong><span style=\"font-size: large;\">16:00<\/span> <\/strong><br \/>\nFinales<\/p>\n<p><strong><span style=\"font-size: large;\">18:30 \u2013 21:30<\/span> <\/strong><br \/>\nAp\u00e9ro + C\u00e9r\u00e9monie Troph\u00e9es, ambiance DJ Mojitos<\/p>\n<p><strong><span style=\"font-size: large;\">21:30<\/span> <span style=\"font-size: large;\">\u2013 24:00<\/span><\/strong><br \/>\nD\u00eener de Gala avec Repas, Vin espagnol &amp; Animations<\/p>\n<p><strong><span style=\"font-size: large;\">00:30 \u2013 &#8230;<\/span> <\/strong><br \/>\nLloret By Night<br \/>\n<hr class=\"dotted\"  style=\"margin-top:20px; margin-bottom:20px;\"  >\n<h2><strong>Dimanche 24 Mai 2026<\/strong><\/h2>\n<p><strong><span style=\"font-size: large;\">8:00 \u2013 12:00<\/span> <\/strong><br \/>\nD\u00e9part<\/p>\n","protected":false},"excerpt":{"rendered":"<p>Vendredi 22 Mai 2026 13:00 \u2013 22:00 Arriv\u00e9e des \u00e9quipes 19:00 \u2013 22:30 Ap\u00e9ro \u00e0 l&rsquo;air libre &amp; Soir\u00e9e d\u00e9guis\u00e9e, ambiance DJ 22:30 \u2013 24:00 Repas catalan avec Fideua, Dessert &#8230;<\/p>\n","protected":false},"author":5666,"featured_media":0,"parent":644,"menu_order":0,"comment_status":"closed","ping_status":"closed","template":"","meta":{"footnotes":""},"class_list":["post-576","page","type-page","status-publish","hentry"],"yoast_head":"<!-- This site is optimized with the Yoast SEO plugin v27.4 - https:\/\/yoast.com\/product\/yoast-seo-wordpress\/ -->\n<title>Programme - Barcelona Sunshine 7s<\/title>\n<meta name=\"robots\" content=\"index, follow, max-snippet:-1, max-image-preview:large, max-video-preview:-1\" \/>\n<link rel=\"canonical\" href=\"https:\/\/www.bcns7s.com\/fr\/festival\/programme_fr\/\" \/>\n<meta property=\"og:locale\" content=\"fr_FR\" \/>\n<meta property=\"og:type\" content=\"article\" \/>\n<meta property=\"og:title\" content=\"Programme - Barcelona Sunshine 7s\" \/>\n<meta property=\"og:description\" content=\"Vendredi 22 Mai 2026 13:00 \u2013 22:00 Arriv\u00e9e des \u00e9quipes 19:00 \u2013 22:30 Ap\u00e9ro \u00e0 l&rsquo;air libre &amp; Soir\u00e9e d\u00e9guis\u00e9e, ambiance DJ 22:30 \u2013 24:00 Repas catalan avec Fideua, Dessert ...\" \/>\n<meta property=\"og:url\" content=\"https:\/\/www.bcns7s.com\/fr\/festival\/programme_fr\/\" \/>\n<meta property=\"og:site_name\" content=\"Barcelona Sunshine 7s\" \/>\n<meta property=\"article:modified_time\" content=\"2025-10-14T12:27:53+00:00\" \/>\n<meta name=\"twitter:card\" content=\"summary_large_image\" \/>\n<meta name=\"twitter:label1\" content=\"Dur\u00e9e de lecture estim\u00e9e\" \/>\n\t<meta name=\"twitter:data1\" content=\"1 minute\" \/>\n<script type=\"application\/ld+json\" class=\"yoast-schema-graph\">{\"@context\":\"https:\\\/\\\/schema.org\",\"@graph\":[{\"@type\":\"WebPage\",\"@id\":\"https:\\\/\\\/www.bcns7s.com\\\/fr\\\/festival\\\/programme_fr\\\/\",\"url\":\"https:\\\/\\\/www.bcns7s.com\\\/fr\\\/festival\\\/programme_fr\\\/\",\"name\":\"Programme - Barcelona Sunshine 7s\",\"isPartOf\":{\"@id\":\"https:\\\/\\\/www.bcns7s.com\\\/#website\"},\"datePublished\":\"2013-11-05T19:42:27+00:00\",\"dateModified\":\"2025-10-14T12:27:53+00:00\",\"breadcrumb\":{\"@id\":\"https:\\\/\\\/www.bcns7s.com\\\/fr\\\/festival\\\/programme_fr\\\/#breadcrumb\"},\"inLanguage\":\"fr-FR\",\"potentialAction\":[{\"@type\":\"ReadAction\",\"target\":[\"https:\\\/\\\/www.bcns7s.com\\\/fr\\\/festival\\\/programme_fr\\\/\"]}]},{\"@type\":\"BreadcrumbList\",\"@id\":\"https:\\\/\\\/www.bcns7s.com\\\/fr\\\/festival\\\/programme_fr\\\/#breadcrumb\",\"itemListElement\":[{\"@type\":\"ListItem\",\"position\":1,\"name\":\"Home\",\"item\":\"https:\\\/\\\/www.bcns7s.com\\\/fr\\\/\"},{\"@type\":\"ListItem\",\"position\":2,\"name\":\"Festival\",\"item\":\"https:\\\/\\\/www.bcns7s.com\\\/fr\\\/festival\\\/\"},{\"@type\":\"ListItem\",\"position\":3,\"name\":\"Programme\"}]},{\"@type\":\"WebSite\",\"@id\":\"https:\\\/\\\/www.bcns7s.com\\\/#website\",\"url\":\"https:\\\/\\\/www.bcns7s.com\\\/\",\"name\":\"Barcelona Sunshine 7s\",\"description\":\"\",\"potentialAction\":[{\"@type\":\"SearchAction\",\"target\":{\"@type\":\"EntryPoint\",\"urlTemplate\":\"https:\\\/\\\/www.bcns7s.com\\\/?s={search_term_string}\"},\"query-input\":{\"@type\":\"PropertyValueSpecification\",\"valueRequired\":true,\"valueName\":\"search_term_string\"}}],\"inLanguage\":\"fr-FR\"}]}<\/script>\n<!-- \/ Yoast SEO plugin. -->","yoast_head_json":{"title":"Programme - Barcelona Sunshine 7s","robots":{"index":"index","follow":"follow","max-snippet":"max-snippet:-1","max-image-preview":"max-image-preview:large","max-video-preview":"max-video-preview:-1"},"canonical":"https:\/\/www.bcns7s.com\/fr\/festival\/programme_fr\/","og_locale":"fr_FR","og_type":"article","og_title":"Programme - Barcelona Sunshine 7s","og_description":"Vendredi 22 Mai 2026 13:00 \u2013 22:00 Arriv\u00e9e des \u00e9quipes 19:00 \u2013 22:30 Ap\u00e9ro \u00e0 l&rsquo;air libre &amp; Soir\u00e9e d\u00e9guis\u00e9e, ambiance DJ 22:30 \u2013 24:00 Repas catalan avec Fideua, Dessert ...","og_url":"https:\/\/www.bcns7s.com\/fr\/festival\/programme_fr\/","og_site_name":"Barcelona Sunshine 7s","article_modified_time":"2025-10-14T12:27:53+00:00","twitter_card":"summary_large_image","twitter_misc":{"Dur\u00e9e de lecture estim\u00e9e":"1 minute"},"schema":{"@context":"https:\/\/schema.org","@graph":[{"@type":"WebPage","@id":"https:\/\/www.bcns7s.com\/fr\/festival\/programme_fr\/","url":"https:\/\/www.bcns7s.com\/fr\/festival\/programme_fr\/","name":"Programme - Barcelona Sunshine 7s","isPartOf":{"@id":"https:\/\/www.bcns7s.com\/#website"},"datePublished":"2013-11-05T19:42:27+00:00","dateModified":"2025-10-14T12:27:53+00:00","breadcrumb":{"@id":"https:\/\/www.bcns7s.com\/fr\/festival\/programme_fr\/#breadcrumb"},"inLanguage":"fr-FR","potentialAction":[{"@type":"ReadAction","target":["https:\/\/www.bcns7s.com\/fr\/festival\/programme_fr\/"]}]},{"@type":"BreadcrumbList","@id":"https:\/\/www.bcns7s.com\/fr\/festival\/programme_fr\/#breadcrumb","itemListElement":[{"@type":"ListItem","position":1,"name":"Home","item":"https:\/\/www.bcns7s.com\/fr\/"},{"@type":"ListItem","position":2,"name":"Festival","item":"https:\/\/www.bcns7s.com\/fr\/festival\/"},{"@type":"ListItem","position":3,"name":"Programme"}]},{"@type":"WebSite","@id":"https:\/\/www.bcns7s.com\/#website","url":"https:\/\/www.bcns7s.com\/","name":"Barcelona Sunshine 7s","description":"","potentialAction":[{"@type":"SearchAction","target":{"@type":"EntryPoint","urlTemplate":"https:\/\/www.bcns7s.com\/?s={search_term_string}"},"query-input":{"@type":"PropertyValueSpecification","valueRequired":true,"valueName":"search_term_string"}}],"inLanguage":"fr-FR"}]}},"_links":{"self":[{"href":"https:\/\/www.bcns7s.com\/fr\/wp-json\/wp\/v2\/pages\/576","targetHints":{"allow":["GET"]}}],"collection":[{"href":"https:\/\/www.bcns7s.com\/fr\/wp-json\/wp\/v2\/pages"}],"about":[{"href":"https:\/\/www.bcns7s.com\/fr\/wp-json\/wp\/v2\/types\/page"}],"author":[{"embeddable":true,"href":"https:\/\/www.bcns7s.com\/fr\/wp-json\/wp\/v2\/users\/5666"}],"replies":[{"embeddable":true,"href":"https:\/\/www.bcns7s.com\/fr\/wp-json\/wp\/v2\/comments?post=576"}],"version-history":[{"count":24,"href":"https:\/\/www.bcns7s.com\/fr\/wp-json\/wp\/v2\/pages\/576\/revisions"}],"predecessor-version":[{"id":2886,"href":"https:\/\/www.bcns7s.com\/fr\/wp-json\/wp\/v2\/pages\/576\/revisions\/2886"}],"up":[{"embeddable":true,"href":"https:\/\/www.bcns7s.com\/fr\/wp-json\/wp\/v2\/pages\/644"}],"wp:attachment":[{"href":"https:\/\/www.bcns7s.com\/fr\/wp-json\/wp\/v2\/media?parent=576"}],"curies":[{"name":"wp","href":"https:\/\/api.w.org\/{rel}","templated":true}]}}