{"id":557,"date":"2013-11-05T19:31:01","date_gmt":"2013-11-05T19:31:01","guid":{"rendered":"http:\/\/bcns7s.com\/?page_id=557"},"modified":"2025-10-15T11:10:00","modified_gmt":"2025-10-15T11:10:00","slug":"equipesetrangeres","status":"publish","type":"page","link":"https:\/\/www.bcns7s.com\/fr\/rugby\/equipesetrangeres\/","title":{"rendered":"\u00c9quipes \u00e9trang\u00e8res"},"content":{"rendered":"\t\t<div data-elementor-type=\"wp-page\" data-elementor-id=\"557\" class=\"elementor elementor-557 elementor-106\">\n\t\t\t\t<div class=\"elementor-element elementor-element-2151ebac e-flex e-con-boxed e-con e-parent\" data-id=\"2151ebac\" data-element_type=\"container\" data-e-type=\"container\">\n\t\t\t\t\t<div class=\"e-con-inner\">\n\t\t\t\t<div class=\"elementor-element elementor-element-58b4119e elementor-widget elementor-widget-text-editor\" data-id=\"58b4119e\" data-element_type=\"widget\" data-e-type=\"widget\" data-widget_type=\"text-editor.default\">\n\t\t\t\t<div class=\"elementor-widget-container\">\n\t\t\t\t\t\t\t\t\t<h1><strong><em>\u00a0 \u00a0 \u00a0 \u00a0 \u00a0 \u00a0 \u00a0 \u00a0 \u00a0 \u00a0 \u00a0 2025<\/em><\/strong><\/h1><p>\u00a0 \u00a0 \u00a0 \u00a0 \u00a0 <img fetchpriority=\"high\" decoding=\"async\" class=\"alignnone size-full wp-image-2909\" src=\"https:\/\/www.bcns7s.com\/wp-content\/uploads\/2025\/10\/Participating-Teams.png\" alt=\"\" width=\"664\" height=\"328\" \/><\/p><h1><strong><em>\u00a0 \u00a0 \u00a0 \u00a0 \u00a0 \u00a0 \u00a0 \u00a0 \u00a0 \u00a0 \u00a02024<\/em><\/strong><\/h1><h1>\u00a0 \u00a0 \u00a0<img decoding=\"async\" class=\"alignnone wp-image-2854\" src=\"http:\/\/www.bcns7s.com\/wp-content\/uploads\/2024\/10\/participating-list.jpg\" alt=\"\" width=\"771\" height=\"432\" \/><\/h1><h1 style=\"text-align: left;\"><strong><em>\u00a0 \u00a0 \u00a0 \u00a0 \u00a0 \u00a0 \u00a0 \u00a0 \u00a0 \u00a0 \u00a0 \u00a02023<\/em><\/strong><\/h1><h1>\u00a0 \u00a0 \u00a0<img decoding=\"async\" class=\" wp-image-2805 alignnone\" src=\"http:\/\/www.bcns7s.com\/wp-content\/uploads\/2023\/09\/list.png\" alt=\"\" width=\"766\" height=\"516\" srcset=\"https:\/\/www.bcns7s.com\/wp-content\/uploads\/2023\/09\/list.png 605w, https:\/\/www.bcns7s.com\/wp-content\/uploads\/2023\/09\/list-300x202.png 300w\" sizes=\"(max-width: 766px) 100vw, 766px\" \/><\/h1><h1>\u00a0 \u00a0 \u00a0 \u00a0 \u00a0<strong><em>\u00a0 \u00a0 \u00a0 \u00a0 \u00a0 \u00a0 \u00a0 \u00a02022<\/em><\/strong><\/h1><h1>\u00a0 \u00a0 \u00a0 <img loading=\"lazy\" decoding=\"async\" class=\"alignnone wp-image-2762\" src=\"http:\/\/www.bcns7s.com\/wp-content\/uploads\/2022\/10\/Teams-2022.png\" alt=\"\" width=\"757\" height=\"509\" srcset=\"https:\/\/www.bcns7s.com\/wp-content\/uploads\/2022\/10\/Teams-2022.png 606w, https:\/\/www.bcns7s.com\/wp-content\/uploads\/2022\/10\/Teams-2022-300x201.png 300w\" sizes=\"(max-width: 757px) 100vw, 757px\" \/><\/h1><p><img loading=\"lazy\" decoding=\"async\" class=\"alignnone size-full wp-image-1289\" src=\"http:\/\/bcns7s.com\/wp-content\/uploads\/2018\/06\/bbr_teams-2018-1.jpg\" alt=\"\" width=\"842\" height=\"325\" srcset=\"https:\/\/www.bcns7s.com\/wp-content\/uploads\/2018\/06\/bbr_teams-2018-1.jpg 842w, https:\/\/www.bcns7s.com\/wp-content\/uploads\/2018\/06\/bbr_teams-2018-1-300x116.jpg 300w, https:\/\/www.bcns7s.com\/wp-content\/uploads\/2018\/06\/bbr_teams-2018-1-768x296.jpg 768w\" sizes=\"(max-width: 842px) 100vw, 842px\" \/><\/p><p><img loading=\"lazy\" decoding=\"async\" class=\"alignnone size-full wp-image-984\" src=\"http:\/\/bcns7s.com\/wp-content\/uploads\/2013\/11\/bbr_teams-2017.jpg\" alt=\"equipos2014\" width=\"842\" height=\"352\" \/><\/p><p><img loading=\"lazy\" decoding=\"async\" class=\"alignnone size-full wp-image-984\" src=\"http:\/\/bcns7s.com\/wp-content\/uploads\/2016\/06\/2016.jpg\" alt=\"equipos2014\" width=\"842\" height=\"430\" \/><\/p><p><img loading=\"lazy\" decoding=\"async\" class=\"alignnone size-full wp-image-984\" src=\"http:\/\/bcns7s.com\/wp-content\/uploads\/2013\/09\/equipos2014.jpg\" alt=\"equipos2014\" width=\"842\" height=\"1458\" srcset=\"https:\/\/www.bcns7s.com\/wp-content\/uploads\/2013\/09\/equipos2014.jpg 842w, https:\/\/www.bcns7s.com\/wp-content\/uploads\/2013\/09\/equipos2014-173x300.jpg 173w, https:\/\/www.bcns7s.com\/wp-content\/uploads\/2013\/09\/equipos2014-591x1024.jpg 591w\" sizes=\"(max-width: 842px) 100vw, 842px\" \/><\/p>\t\t\t\t\t\t\t\t<\/div>\n\t\t\t\t<\/div>\n\t\t\t\t\t<\/div>\n\t\t\t\t<\/div>\n\t\t\t\t<\/div>\n\t\t","protected":false},"excerpt":{"rendered":"<p>\u00a0 \u00a0 \u00a0 \u00a0 \u00a0 \u00a0 \u00a0 \u00a0 \u00a0 \u00a0 \u00a0 2025 \u00a0 \u00a0 \u00a0 \u00a0 \u00a0 \u00a0 \u00a0 \u00a0 \u00a0 \u00a0 \u00a0 \u00a0 \u00a0 \u00a0 \u00a0 \u00a02024 \u00a0 \u00a0 &#8230;<\/p>\n","protected":false},"author":5666,"featured_media":0,"parent":655,"menu_order":0,"comment_status":"closed","ping_status":"closed","template":"","meta":{"footnotes":""},"class_list":["post-557","page","type-page","status-publish","hentry"],"yoast_head":"<!-- This site is optimized with the Yoast SEO plugin v27.5 - https:\/\/yoast.com\/product\/yoast-seo-wordpress\/ -->\n<title>\u00c9quipes \u00e9trang\u00e8res - Barcelona Sunshine 7s<\/title>\n<meta name=\"robots\" content=\"index, follow, max-snippet:-1, max-image-preview:large, max-video-preview:-1\" \/>\n<link rel=\"canonical\" href=\"https:\/\/www.bcns7s.com\/rugby\/foreign-teams\/\" \/>\n<meta property=\"og:locale\" content=\"fr_FR\" \/>\n<meta property=\"og:type\" content=\"article\" \/>\n<meta property=\"og:title\" content=\"\u00c9quipes \u00e9trang\u00e8res - Barcelona Sunshine 7s\" \/>\n<meta property=\"og:description\" content=\"\u00a0 \u00a0 \u00a0 \u00a0 \u00a0 \u00a0 \u00a0 \u00a0 \u00a0 \u00a0 \u00a0 2025 \u00a0 \u00a0 \u00a0 \u00a0 \u00a0 \u00a0 \u00a0 \u00a0 \u00a0 \u00a0 \u00a0 \u00a0 \u00a0 \u00a0 \u00a0 \u00a02024 \u00a0 \u00a0 ...\" \/>\n<meta property=\"og:url\" content=\"https:\/\/www.bcns7s.com\/rugby\/foreign-teams\/\" \/>\n<meta property=\"og:site_name\" content=\"Barcelona Sunshine 7s\" \/>\n<meta property=\"article:modified_time\" content=\"2025-10-15T11:10:00+00:00\" \/>\n<meta property=\"og:image\" content=\"https:\/\/www.bcns7s.com\/wp-content\/uploads\/2025\/10\/Participating-Teams.png\" \/>\n\t<meta property=\"og:image:width\" content=\"664\" \/>\n\t<meta property=\"og:image:height\" content=\"328\" \/>\n\t<meta property=\"og:image:type\" content=\"image\/png\" \/>\n<meta name=\"twitter:card\" content=\"summary_large_image\" \/>\n<meta name=\"twitter:label1\" content=\"Dur\u00e9e de lecture estim\u00e9e\" \/>\n\t<meta name=\"twitter:data1\" content=\"2 minutes\" \/>\n<script type=\"application\/ld+json\" class=\"yoast-schema-graph\">{\"@context\":\"https:\\\/\\\/schema.org\",\"@graph\":[{\"@type\":\"WebPage\",\"@id\":\"https:\\\/\\\/www.bcns7s.com\\\/rugby\\\/foreign-teams\\\/\",\"url\":\"https:\\\/\\\/www.bcns7s.com\\\/rugby\\\/foreign-teams\\\/\",\"name\":\"\u00c9quipes \u00e9trang\u00e8res - Barcelona Sunshine 7s\",\"isPartOf\":{\"@id\":\"https:\\\/\\\/www.bcns7s.com\\\/#website\"},\"primaryImageOfPage\":{\"@id\":\"https:\\\/\\\/www.bcns7s.com\\\/rugby\\\/foreign-teams\\\/#primaryimage\"},\"image\":{\"@id\":\"https:\\\/\\\/www.bcns7s.com\\\/rugby\\\/foreign-teams\\\/#primaryimage\"},\"thumbnailUrl\":\"https:\\\/\\\/www.bcns7s.com\\\/wp-content\\\/uploads\\\/2025\\\/10\\\/Participating-Teams.png\",\"datePublished\":\"2013-11-05T19:31:01+00:00\",\"dateModified\":\"2025-10-15T11:10:00+00:00\",\"breadcrumb\":{\"@id\":\"https:\\\/\\\/www.bcns7s.com\\\/rugby\\\/foreign-teams\\\/#breadcrumb\"},\"inLanguage\":\"fr-FR\",\"potentialAction\":[{\"@type\":\"ReadAction\",\"target\":[\"https:\\\/\\\/www.bcns7s.com\\\/rugby\\\/foreign-teams\\\/\"]}]},{\"@type\":\"ImageObject\",\"inLanguage\":\"fr-FR\",\"@id\":\"https:\\\/\\\/www.bcns7s.com\\\/rugby\\\/foreign-teams\\\/#primaryimage\",\"url\":\"https:\\\/\\\/www.bcns7s.com\\\/wp-content\\\/uploads\\\/2025\\\/10\\\/Participating-Teams.png\",\"contentUrl\":\"https:\\\/\\\/www.bcns7s.com\\\/wp-content\\\/uploads\\\/2025\\\/10\\\/Participating-Teams.png\"},{\"@type\":\"BreadcrumbList\",\"@id\":\"https:\\\/\\\/www.bcns7s.com\\\/rugby\\\/foreign-teams\\\/#breadcrumb\",\"itemListElement\":[{\"@type\":\"ListItem\",\"position\":1,\"name\":\"Home\",\"item\":\"https:\\\/\\\/www.bcns7s.com\\\/fr\\\/\"},{\"@type\":\"ListItem\",\"position\":2,\"name\":\"Rugby\",\"item\":\"https:\\\/\\\/www.bcns7s.com\\\/fr\\\/rugby\\\/\"},{\"@type\":\"ListItem\",\"position\":3,\"name\":\"\u00c9quipes \u00e9trang\u00e8res\"}]},{\"@type\":\"WebSite\",\"@id\":\"https:\\\/\\\/www.bcns7s.com\\\/#website\",\"url\":\"https:\\\/\\\/www.bcns7s.com\\\/\",\"name\":\"Barcelona Sunshine 7s\",\"description\":\"\",\"potentialAction\":[{\"@type\":\"SearchAction\",\"target\":{\"@type\":\"EntryPoint\",\"urlTemplate\":\"https:\\\/\\\/www.bcns7s.com\\\/?s={search_term_string}\"},\"query-input\":{\"@type\":\"PropertyValueSpecification\",\"valueRequired\":true,\"valueName\":\"search_term_string\"}}],\"inLanguage\":\"fr-FR\"}]}<\/script>\n<!-- \/ Yoast SEO plugin. -->","yoast_head_json":{"title":"\u00c9quipes \u00e9trang\u00e8res - Barcelona Sunshine 7s","robots":{"index":"index","follow":"follow","max-snippet":"max-snippet:-1","max-image-preview":"max-image-preview:large","max-video-preview":"max-video-preview:-1"},"canonical":"https:\/\/www.bcns7s.com\/rugby\/foreign-teams\/","og_locale":"fr_FR","og_type":"article","og_title":"\u00c9quipes \u00e9trang\u00e8res - Barcelona Sunshine 7s","og_description":"\u00a0 \u00a0 \u00a0 \u00a0 \u00a0 \u00a0 \u00a0 \u00a0 \u00a0 \u00a0 \u00a0 2025 \u00a0 \u00a0 \u00a0 \u00a0 \u00a0 \u00a0 \u00a0 \u00a0 \u00a0 \u00a0 \u00a0 \u00a0 \u00a0 \u00a0 \u00a0 \u00a02024 \u00a0 \u00a0 ...","og_url":"https:\/\/www.bcns7s.com\/rugby\/foreign-teams\/","og_site_name":"Barcelona Sunshine 7s","article_modified_time":"2025-10-15T11:10:00+00:00","og_image":[{"width":664,"height":328,"url":"https:\/\/www.bcns7s.com\/wp-content\/uploads\/2025\/10\/Participating-Teams.png","type":"image\/png"}],"twitter_card":"summary_large_image","twitter_misc":{"Dur\u00e9e de lecture estim\u00e9e":"2 minutes"},"schema":{"@context":"https:\/\/schema.org","@graph":[{"@type":"WebPage","@id":"https:\/\/www.bcns7s.com\/rugby\/foreign-teams\/","url":"https:\/\/www.bcns7s.com\/rugby\/foreign-teams\/","name":"\u00c9quipes \u00e9trang\u00e8res - Barcelona Sunshine 7s","isPartOf":{"@id":"https:\/\/www.bcns7s.com\/#website"},"primaryImageOfPage":{"@id":"https:\/\/www.bcns7s.com\/rugby\/foreign-teams\/#primaryimage"},"image":{"@id":"https:\/\/www.bcns7s.com\/rugby\/foreign-teams\/#primaryimage"},"thumbnailUrl":"https:\/\/www.bcns7s.com\/wp-content\/uploads\/2025\/10\/Participating-Teams.png","datePublished":"2013-11-05T19:31:01+00:00","dateModified":"2025-10-15T11:10:00+00:00","breadcrumb":{"@id":"https:\/\/www.bcns7s.com\/rugby\/foreign-teams\/#breadcrumb"},"inLanguage":"fr-FR","potentialAction":[{"@type":"ReadAction","target":["https:\/\/www.bcns7s.com\/rugby\/foreign-teams\/"]}]},{"@type":"ImageObject","inLanguage":"fr-FR","@id":"https:\/\/www.bcns7s.com\/rugby\/foreign-teams\/#primaryimage","url":"https:\/\/www.bcns7s.com\/wp-content\/uploads\/2025\/10\/Participating-Teams.png","contentUrl":"https:\/\/www.bcns7s.com\/wp-content\/uploads\/2025\/10\/Participating-Teams.png"},{"@type":"BreadcrumbList","@id":"https:\/\/www.bcns7s.com\/rugby\/foreign-teams\/#breadcrumb","itemListElement":[{"@type":"ListItem","position":1,"name":"Home","item":"https:\/\/www.bcns7s.com\/fr\/"},{"@type":"ListItem","position":2,"name":"Rugby","item":"https:\/\/www.bcns7s.com\/fr\/rugby\/"},{"@type":"ListItem","position":3,"name":"\u00c9quipes \u00e9trang\u00e8res"}]},{"@type":"WebSite","@id":"https:\/\/www.bcns7s.com\/#website","url":"https:\/\/www.bcns7s.com\/","name":"Barcelona Sunshine 7s","description":"","potentialAction":[{"@type":"SearchAction","target":{"@type":"EntryPoint","urlTemplate":"https:\/\/www.bcns7s.com\/?s={search_term_string}"},"query-input":{"@type":"PropertyValueSpecification","valueRequired":true,"valueName":"search_term_string"}}],"inLanguage":"fr-FR"}]}},"_links":{"self":[{"href":"https:\/\/www.bcns7s.com\/fr\/wp-json\/wp\/v2\/pages\/557","targetHints":{"allow":["GET"]}}],"collection":[{"href":"https:\/\/www.bcns7s.com\/fr\/wp-json\/wp\/v2\/pages"}],"about":[{"href":"https:\/\/www.bcns7s.com\/fr\/wp-json\/wp\/v2\/types\/page"}],"author":[{"embeddable":true,"href":"https:\/\/www.bcns7s.com\/fr\/wp-json\/wp\/v2\/users\/5666"}],"replies":[{"embeddable":true,"href":"https:\/\/www.bcns7s.com\/fr\/wp-json\/wp\/v2\/comments?post=557"}],"version-history":[{"count":23,"href":"https:\/\/www.bcns7s.com\/fr\/wp-json\/wp\/v2\/pages\/557\/revisions"}],"predecessor-version":[{"id":2918,"href":"https:\/\/www.bcns7s.com\/fr\/wp-json\/wp\/v2\/pages\/557\/revisions\/2918"}],"up":[{"embeddable":true,"href":"https:\/\/www.bcns7s.com\/fr\/wp-json\/wp\/v2\/pages\/655"}],"wp:attachment":[{"href":"https:\/\/www.bcns7s.com\/fr\/wp-json\/wp\/v2\/media?parent=557"}],"curies":[{"name":"wp","href":"https:\/\/api.w.org\/{rel}","templated":true}]}}