{"id":546,"date":"2013-11-05T19:05:02","date_gmt":"2013-11-05T19:05:02","guid":{"rendered":"http:\/\/bcns7s.com\/?page_id=546"},"modified":"2023-09-26T12:59:44","modified_gmt":"2023-09-26T12:59:44","slug":"inforeglement","status":"publish","type":"page","link":"https:\/\/www.bcns7s.com\/fr\/rugby\/inforeglement\/","title":{"rendered":"Info &#038; R\u00e8glement"},"content":{"rendered":"<p>Comment un passion\u00e9 de <strong>Rugby \u00e0 7<\/strong> &amp; de <strong>Touch<\/strong> pourrait-il refuser la proposition all\u00e9chante de jouer au Rugby ou au Touch sur un terrain de Rugby ensoleill\u00e9 en Espagne ?<\/p>\n<p>Le <strong>Barcelona Sunshine 7&rsquo;s<\/strong> ou comment 2 univers se rencontrent le temps d&rsquo;un week-end sur la Costa Brava !!!! <strong>Rugby 7<\/strong> &amp; <strong>Touch<\/strong>, what else ????<br \/>\nLe tournoi est ouvert aux joueurs et joueuses \u00e2g\u00e9s de +18 ans et propose un beau plateau sportif, homog\u00e8ne et relev\u00e9 \u00e0 la fois.<\/p>\n<h2>R\u00e8glement Comp\u00e9tition Rugby Seven<\/h2>\n<p>Les r\u00e8gles du tournoi de Rugby Sevens sont soumises aux r\u00e8gles officielles de la World Rugby avec les modifications suivantes.<br \/>\n<strong>Rappel: Les\u00a0placages\u00a0sont autoris\u00e9s.<\/strong><\/p>\n<p><strong>1.-\u00a0\u00c9quipes<\/strong><\/p>\n<p>Sur l&rsquo;aire de jeu, il y aura un\u00a0<strong>maximum de 7 joueurs<\/strong>\u00a0et les remplacements,\u00a0<strong>illimit\u00e9s<\/strong>,\u00a0pourront s&rsquo;effectuer \u00e0 tout moment\u00a0du match \u00e0 la seule condition que le ballon soit arr\u00eat\u00e9.<\/p>\n<p><strong>\u00a0<\/strong><strong>2.-\u00a0Assurance<\/strong><\/p>\n<p>Il est obligatoire que chaque joueur ou joueuse poss\u00e8de une assurance m\u00e9dicale individuelle ou licence f\u00e9d\u00e9rale qui\u00a0prennent en charge les frais d&rsquo;hospitalisation \u00e0 l&rsquo;\u00e9tranger en cas de blessures.<\/p>\n<p><strong>3.-\u00a0Table de Marque<\/strong><\/p>\n<p>Dans toutes les cat\u00e9gories, la Table de Marque sera le seul responsable pour siffler le d\u00e9but et la fin des rencontres.\u00a0Une fois signal\u00e9e la fin de match par la Table de Marque, l&rsquo;arbitre sifflera alors lui-m\u00eame la fin du match lorsque le jeu\u00a0sera arr\u00eat\u00e9.\u00a0Le\u00a0directeur de tournoi est habilit\u00e9 \u00e0 expulser toute \u00e9quipe qui enfreindrait les r\u00e8gles de d\u00e9cence ou de comportement\u00a0civique et sportif.<\/p>\n<p><strong>4.-\u00a0Terrains<\/strong><\/p>\n<p>Les dimensions des terrains de jeu sont celles d&rsquo;un terrain de Rugby \u00e0 XV<\/p>\n<p><strong>5.-\u00a0\u00c9quipement sportif<\/strong><\/p>\n<p>Les joueurs de chaque \u00e9quipe doivent porter l&rsquo;uniforme de rugby r\u00e8glementaire avec maillots de rugby, shorts et chaussettes. L&rsquo;utilisation de <strong>crampons aluminium <\/strong>ou<strong> m\u00e9talliques<\/strong> <strong>est interdit<\/strong> durant le tournoi.<\/p>\n<p><strong>6.-\u00a0Dur\u00e9e de match<\/strong><\/p>\n<p>Le match durera 14 minutes avec\u00a0<strong>2 mi-temps de 7 minutes<\/strong>\u00a0chacune. La mi-temps ne sera jamais sup\u00e9rieure \u00e0 plus d&rsquo; 1 minute. L&rsquo;arbitre peut prolonger la rencontre s&rsquo;il y a eu une ou plusieurs interruptions de jeu dues \u00e0 une blessure ou\u00a0tout autre incident durant le match.<\/p>\n<p><strong>7.-\u00a0Coup d&rsquo;envoi<\/strong><\/p>\n<p>Le joueur qui met le ballon en jeu doit effectuer le coup d&rsquo;envoi par un coup de pied (drop-goal). L&rsquo;adversaire doit \u00eatre \u00e0\u00a010 m\u00e8tres. Le ballon doit franchir les 10 m\u00e8tres r\u00e8glementaires. Si le ballon franchit la ligne d&rsquo;en-but directement ou\u00a0indirectement, un coup-franc sur la ligne m\u00e9diane sanctionnera la faute.<br \/>\nApr\u00e8s un essai transform\u00e9 ou non,\u00a0<strong>l&rsquo;\u00e9quipe qui a marqu\u00e9 effectuera le renvoi depuis la ligne m\u00e9diane<\/strong>.<\/p>\n<p><strong>8.-\u00a0M\u00eal\u00e9e<\/strong><\/p>\n<p>La m\u00eal\u00e9e est form\u00e9e de 3 avants, le talonneur fait le lien avec ses piliers en posant ses bras sur leurs \u00e9paules. La m\u00eal\u00e9e\u00a0se\u00a0formera \u00e0 5 m\u00e8tres de la ligne d&rsquo;essai. Le demi de m\u00eal\u00e9e qui n&rsquo;introduit pas le ballon doit se trouver derri\u00e8re sa m\u00eal\u00e9e.\u00a0<strong>La m\u00eal\u00e9e est pouss\u00e9e sauf en cat\u00e9gorie v\u00e9t\u00e9rans.<\/strong><\/p>\n<p><strong>9.-\u00a0Touche<\/strong><\/p>\n<p>Chaque alignement est compos\u00e9 du lanceur, de 2 sauteurs et du demi de m\u00eal\u00e9e. Le demi de m\u00eal\u00e9e peut sauter\u00a0dans l&rsquo;alignement ou aider \u00e0 sauter. La touche s&rsquo;effectuera au minimum \u00e0 5 m\u00e8tres de la ligne d&rsquo;essai.<\/p>\n<p><strong>10.-\u00a0Jeu au sol<\/strong><\/p>\n<p>Apr\u00e8s un placage, lorsqu&rsquo;un maul s&rsquo;\u00e9croule ou dans toute situation o\u00f9 le joueur se retrouve au sol avec le ballon,\u00a0<strong>le ballon\u00a0<\/strong><strong>doit \u00eatre lib\u00e9r\u00e9 imm\u00e9diatement<\/strong>. L&rsquo;arbitre de champ sera tr\u00e8s strict quant au respect de cette r\u00e8gle. En cas de faute,\u00a0une p\u00e9nalit\u00e9e sera siffl\u00e9e \u00e0 l&rsquo;endroit de la faute en faveur de l&rsquo;\u00e9quipe non fautive.<\/p>\n<p><strong>11.-\u00a0Jeu au pied<\/strong><\/p>\n<p><strong>Le jeu au pied frontal ou lat\u00e9ral est autoris\u00e9<\/strong>. Si le ballon sort directement en touche, une p\u00e9nalit\u00e9 sera siffl\u00e9e en\u00a0faveur de l&rsquo;\u00e9quipe non fautive \u00e0 l&rsquo;endroit o\u00f9 s&rsquo;est produit le shoot.<\/p>\n<p><strong>12.-\u00a0Hors Jeu<\/strong><\/p>\n<p>La ligne de hors-jeu se situera \u00e0 une distance minimum de 10 m\u00e8tres pour toute remise en jeu, coup de pied de renvoi,\u00a0coup-franc, p\u00e9nalit\u00e9.<\/p>\n<p><strong>13.-\u00a0Coup-franc et P\u00e9nalit\u00e9<\/strong><\/p>\n<p>Le coup-franc doit \u00eatre obligatoirement jou\u00e9 \u00e0\u00a0<strong>la main<\/strong> et la P\u00e9nalit\u00e9 peut \u00eatre jou\u00e9e \u00e0 la\u00a0<strong>la main<\/strong> ou au\u00a0<strong>pied<\/strong>.<\/p>\n<p><strong>14.-\u00a0Avertissements<\/strong><\/p>\n<p>Un joueur sanctionn\u00e9 par un\u00a0<strong>carton jaune<\/strong>\u00a0devra abandonner le terrain et ne pourra pas jouer le reste de la rencontre,\u00a0mais pourra jouer les autres rencontres. Avec un joueur en moins durant la rencontre, l&rsquo;\u00e9quipe sanctionn\u00e9e pourra alors\u00a0faire rentrer un nouveau joueur une fois \u00e9coul\u00e9es les 2 minutes r\u00e8glementaires.<br \/>\nUn joueur santionn\u00e9 par un\u00a0<strong>carton rouge<\/strong>\u00a0devra quitter le terrain imm\u00e9diatement et son \u00e9quipe jouera avec un joueur\u00a0en moins jusqu&rsquo;au terme de la rencontre. Un joueur expuls\u00e9 ne pourra plus jouer le reste du tournoi.<strong>\u00a0<\/strong><\/p>\n<p><strong><strong>15.-\u00a0En cas d&rsquo;\u00e9galit\u00e9<\/strong><\/strong><\/p>\n<p>Si, \u00e0 la fin du temps r\u00e8glementaire, la rencontre se termine sur un score de parit\u00e9, on proc\u00e8dera comme ce suit\u00a0pour d\u00e9partager les \u00e9quipes:<\/p>\n<p>a. S\u00e9rie de 3 tentatives de\u00a0<strong>1 contre 1<\/strong>.<\/p>\n<p>Le joueur attaquant sera plac\u00e9 sur la ligne m\u00e9diane et le d\u00e9fenseur sur la ligne\u00a0d&rsquo;essai.<br \/>\nSi le joueur attaquant est plaqu\u00e9, touchant le sable avec un de ses genoux ou avec son corps, l&rsquo;\u00e9quipe\u00a0attaquante ne score pas.<br \/>\n\u00c0 l&rsquo;inverse, si le joueur attaquant marque l&rsquo;essai sans se faire plaquer, l&rsquo;\u00e9quipe attacante marque 1 point.<br \/>\nL&rsquo;\u00e9quipe attaquante passe alors \u00e0 d\u00e9fendre et ainsi de suite jusqu&rsquo;au terme des 3 tentatives.<br \/>\nLes capitaines des deux \u00e9quipes doivent\u00a0d\u00e9signer au d\u00e9but de l&rsquo;\u00e9preuve, 3 attaquants et 3 d\u00e9fenseurs.<br \/>\n<strong>Un joueur attaquant ne pourra pas d\u00e9fendre, vice et versa<\/strong>.<\/p>\n<p>b. Si au terme des 3 tentatives, l&rsquo;\u00e9galit\u00e9 persiste, les \u00e9quipes seront d\u00e9partag\u00e9es \u00e0 la mort subite.<\/p>\n<p><strong>16.-\u00a0Points<\/strong><\/p>\n<p><strong><em>durant le match<\/em><\/strong>\u00a0:<strong>\u00a0<\/strong>Essai: 5 points \/\u00a0Transformation: 2 points<br \/>\n<strong><em>pour le classement<\/em><\/strong>\u00a0: Victoire : 4 points \/ Match nul : 2 points \/ D\u00e9faite : 0 points<strong>\u00a0<\/strong><\/p>\n<p><strong>Il n&rsquo;y aura pas de points bonus<\/strong><\/p>\n<p>&nbsp;<\/p>\n<h2>R\u00e8glement Comp\u00e9tition Touch<\/h2>\n<p>Nous appliquerons le r\u00e8glement de la <strong>F\u00e9d\u00e9ration internationale<\/strong> de <strong>Touch<\/strong> (FIT). En voici les principales r\u00e8gles\u00a0:<\/p>\n<p><strong>1.- \u00c9quipes <\/strong><\/p>\n<p>Sur l\u2019aire de jeu, il y aura un <strong>minimum de 5 joueurs\/joueuses<\/strong> et les remplacements pourront s\u2019effectuer \u00e0 tout moment du match.<\/p>\n<p>Les <strong>remplacements<\/strong> sont <strong>illimit\u00e9s<\/strong> en respectant \u00e0 tout moment du match le nombre maximum de 5 joueurs\/joueuses.<\/p>\n<p>Possibilit\u00e9 de rajouter un <strong>6<sup>i\u00e8me<\/sup> joueur\/joueuse<\/strong> si accord des 2 capitaines en pr\u00e9sence de l\u2019arbitre avant tout match.<\/p>\n<p>Les \u00e9quipes mixtes doivent aligner \u00e0 tout moment du match <strong>minimum 2 joueuses<\/strong> (<strong><u>3 H+2 F<\/u><\/strong>) sur le terrain (<strong>3+3 si 6 joueurs\/joueuses<\/strong>).<\/p>\n<p><strong>\u00a02.-<\/strong><strong> Assurance m\u00e9dicale<\/strong><\/p>\n<p>Il est <strong><u>indispensable<\/u><\/strong> que chaque joueur\/joueuse poss\u00e8de une <strong>assurance m\u00e9dicale individuelle<\/strong> (ou <strong>license f\u00e9d\u00e9rale<\/strong>) qui prenne en charge les frais d\u2019hospitalisation \u00e0 l\u2019\u00e9tranger en cas de blessures.<\/p>\n<p><strong>3.- La Table de Marque <\/strong><\/p>\n<p>Le Directeur de Tournoi sera le seul responsable pour siffler le d\u00e9but et la fin des rencontres. Une fois signal\u00e9e la fin de match par la table de marque, l\u2019arbitre sifflera alors lui-m\u00eame la fin du match lorsque le jeu sera arr\u00eat\u00e9.<\/p>\n<p>Une fois le match termin\u00e9, les \u00e9quipes remontent le score \u00e0 la Table de Marque.<\/p>\n<p>Le comit\u00e9 organisateur du tournoi est habilit\u00e9 \u00e0 <strong>expulser<\/strong> toute \u00e9quipe qui enfreindrait les r\u00e8gles de d\u00e9cence ou de comportement civique et sportif.<\/p>\n<p><strong>4.- Terrain de jeu<\/strong><\/p>\n<p><strong><u>2 terrains<\/u><\/strong> (dimensions Rugby XV), terrain n\u00ba 1 et terrain n\u00ba2, seront utilis\u00e9s et divis\u00e9s en <strong>4 terrains Touch<\/strong>.<\/p>\n<p>Les dimensions des terrains de jeu du Touch sont d\u2019environ\u00a0<strong>55 m\u00e8tres de long sur\u00a040 m\u00e8tres de large<\/strong>.<\/p>\n<p><strong>\u00a05.- <\/strong><strong>\u00c9quipement sportif<\/strong><\/p>\n<p>Les joueurs\/joueuses de chaque \u00e9quipe doivent porter l\u2019uniforme de rugby r\u00e8glementaire avec <strong><u>maillots de touch<\/u><\/strong><u> <strong>num\u00e9rot\u00e9s<\/strong><\/u>, shorts, chaussettes et chaussures de sport moul\u00e9es. <strong>Le propri\u00e9taire du complexe sportif interdit formellement de porter des crampons m\u00e9talliques. Il est uniquement possible de jouer en crampons viss\u00e9s plastiques ou en crampons moul\u00e9s.<\/strong><\/p>\n<p><strong>6.- Dur\u00e9e de match<\/strong><\/p>\n<p>Le match durera 14 minutes avec <strong>2 mi-temps de 7 mns<\/strong> chacune. La mi-temps ne sera jamais sup\u00e9rieure \u00e0 plus de 2 minutes.<\/p>\n<p><strong>7.- Engagement milieu de Terrain <\/strong><\/p>\n<p>L\u2019\u00e9quipe qui engage, engage avec un<strong> Tap = <u>tout(e) joueur\/joueuse<\/u><\/strong> de l\u2019\u00e9quipe attaquante pose le ballon au sol au milieu de terrain, le rel\u00e2che (mains en l\u2019air) et <strong><u>shoote au sol<\/u><\/strong> le ballon sur maximum 1 m\u00e8tre avant de le reprendre en main pour jouer.<\/p>\n<p><strong>La d\u00e9fense adverse ne peut monter qu\u2019une fois que le(a) joueur\/joueuse qui effectue le Tap a repris le ballon en main<\/strong><strong>.<\/strong><\/p>\n<p><strong>8.- Touch\u00e9<\/strong><\/p>\n<p><strong>6 Touch\u00e9s maximum sont autoris\u00e9s. <\/strong>Au 6<sup>i\u00e8me<\/sup> touch\u00e9, le ballon change de mains.<\/p>\n<p><strong><u>Avec 1 seule main<\/u><\/strong>, le\/a joueur\/joueuse peut r\u00e9aliser un <strong>Touch<\/strong> sur toute partie du corps du joueur\/joueuse d\u2019en face ou sur toute la surface du ballon. Apr\u00e8s un touch\u00e9, un <strong>Rollball <\/strong>(ballon entre les jambes du joueur\/joueuse touch\u00e9(e)) est ex\u00e9cut\u00e9 \u00e0 l\u2019endroit du Touch = <strong>Mark<\/strong>.<\/p>\n<p>Si un joueur\/joueuse est touch\u00e9(e) en marquant l\u2019essai, l\u2019essai est accord\u00e9.<\/p>\n<p><strong>9.- Rollball<\/strong><\/p>\n<p>Derri\u00e8re le Rollball, <strong>n\u2019importe quel joueur\/se peut ouvrir ou s\u2019en aller seul<\/strong> et se convertir en <strong>DEMI<\/strong>. D\u00e9fense adverse sur<strong> Rollball = 5 m\u00e8tres<\/strong>.<\/p>\n<p>Si <strong>DEMI touch\u00e9,<\/strong> changement de possession avec Rollball pour l\u2019\u00e9quipe adverse. <strong>Le DEMI ne peut pas marquer d\u2019essai<\/strong>.<\/p>\n<p><strong>10.- Ballon tomb\u00e9 \/ Touche<\/strong><\/p>\n<p>Ballon tomb\u00e9 = <strong>Rollball<\/strong> \u00e0 l\u2019endroit de la faute pour l\u2019\u00e9quipe adverse. Touche = <strong>Rollball \u00e0 5 m\u00e8tres<\/strong> de l\u2019endroit de la touche.<\/p>\n<p><strong>11.- P\u00e9nalit\u00e9<\/strong><\/p>\n<p><strong>Passe apr\u00e8s contact + En avant de passe + Hors-Jeu + non-respect du Mark <\/strong>= P\u00e9nalit\u00e9 = <strong>Tap<\/strong> \u00e0 l\u2019endroit de la faute pour l\u2019\u00e9quipe adverse.<\/p>\n<p><strong><u>Tout joueur\/joueuse<\/u><\/strong> de l\u2019\u00e9quipe attaquante peut effectuer le <strong>Tap<\/strong>. D\u00e9fense adverse sur Tap =<strong> 10 m\u00e8tres<\/strong>.<\/p>\n<p><strong>12.- Avertissements<\/strong><\/p>\n<p>Un joueur\/joueuse sanctionn\u00e9(e) par un <strong>carton jaune<\/strong> devra abandonner le terrain et ne pourra pas jouer le reste de la rencontre, mais pourra jouer les autres rencontres. Avec un joueur\/joueuse en moins durant la rencontre, l\u2019\u00e9quipe sanctionn\u00e9e pourra alors faire rentrer un nouveau joueur\/joueuse une fois \u00e9coul\u00e9es les 2 minutes r\u00e8glementaires.<\/p>\n<p>Un joueur\/joueuse sanctionn\u00e9(e) par un <strong>carton rouge <\/strong>devra quitter le terrain imm\u00e9diatement et son \u00e9quipe jouera avec un(e) joueur\/joueuse en moins jusqu\u2019au terme de la rencontre. Un joueur\/joueuse expuls\u00e9(e) ne pourra plus jouer le reste du tournoi.<\/p>\n<p><strong>13.- En cas d\u2019\u00e9galit\u00e9<\/strong><\/p>\n<p>Concernant les matches de play-offs (demi-finale et finale), si la rencontre se termine sur un score de parit\u00e9, et <strong><u>s\u2019il faut d\u00e9terminer un vainqueur<\/u><\/strong>, nous proc\u00e8derons alors comme suit pour d\u00e9partager les \u00e9quipes\u00a0:<\/p>\n<ol>\n<li>\u2013 S\u00e9rie de <strong>3 tentatives dans un contexte de 1 contre 1<\/strong>. Le joueur\/joueuse attaquant, ballon en main, sera plac\u00e9 sur la ligne m\u00e9diane et le\/a d\u00e9fenseur sur la ligne d\u2019essai. Si le(a) joueur\/joueuse attaquant est <strong><u>touch\u00e9(e)<\/u><\/strong>, l\u2019\u00e9quipe attaquante ne score pas. \u00c0 l\u2019inverse, si le(a) joueur\/joueuse attaquant marque l\u2019essai sans se faire toucher, l\u2019\u00e9quipe attaquante marque 1 point.<\/li>\n<\/ol>\n<p>L\u2019\u00e9quipe attaquante passe alors \u00e0 d\u00e9fendre et ainsi de suite jusqu\u2019au terme des 3 tentatives. Les capitaines des deux \u00e9quipes doivent pr\u00e9senter avant le d\u00e9but de la s\u00e9rie l\u2019ordre dans lequel les joueur(se)s joueront cet extra time, en d\u00e9signant 3 d\u00e9fenseurs et 3 attaquants.<\/p>\n<p>2. \u2013 Si au terme des 3 tentatives, l\u2019\u00e9galit\u00e9 persiste, les \u00e9quipes seront d\u00e9partag\u00e9es \u00e0 la mort subite.<\/p>\n<p><strong>14.- Points<\/strong><\/p>\n<p><strong><em>durant le match\u00a0<\/em><\/strong>: 1 essai = <strong>1 point<\/strong><\/p>\n<p><strong><em>pour le classement\u00a0: <\/em><\/strong>Victoire\u00a0: 2 points \/ Match nul\u00a0: 1 point \/ D\u00e9faite\u00a0: 0 point (<strong><u>pas de points bonus<\/u><\/strong>)<\/p>\n<p><strong>\u00a0<\/strong><\/p>\n<p><strong>En comp\u00e9tition mixte, toute \u00e9quipe qui ne respecte pas la r\u00e8gle de <u>2 joueuses minimum<\/u>, re\u00e7oit 1 point de p\u00e9nalit\u00e9 par mi-temps.<\/strong><\/p>\n<p>En cas d\u2019\u00e9galit\u00e9 au classement, les \u00e9quipes seront d\u00e9partag\u00e9es au<strong> goal-average.<\/strong><\/p>\n","protected":false},"excerpt":{"rendered":"<p>Comment un passion\u00e9 de Rugby \u00e0 7 &amp; de Touch pourrait-il refuser la proposition all\u00e9chante de jouer au Rugby ou au Touch sur un terrain de Rugby ensoleill\u00e9 en Espagne &#8230;<\/p>\n","protected":false},"author":5666,"featured_media":0,"parent":655,"menu_order":0,"comment_status":"closed","ping_status":"closed","template":"","meta":{"footnotes":""},"class_list":["post-546","page","type-page","status-publish","hentry"],"yoast_head":"<!-- This site is optimized with the Yoast SEO plugin v27.4 - https:\/\/yoast.com\/product\/yoast-seo-wordpress\/ -->\n<title>Info &amp; R\u00e8glement - Barcelona Sunshine 7s<\/title>\n<meta name=\"robots\" content=\"index, follow, max-snippet:-1, max-image-preview:large, max-video-preview:-1\" \/>\n<link rel=\"canonical\" href=\"https:\/\/www.bcns7s.com\/fr\/rugby\/inforeglement\/\" \/>\n<meta property=\"og:locale\" content=\"fr_FR\" \/>\n<meta property=\"og:type\" content=\"article\" \/>\n<meta property=\"og:title\" content=\"Info &amp; R\u00e8glement - Barcelona Sunshine 7s\" \/>\n<meta property=\"og:description\" content=\"Comment un passion\u00e9 de Rugby \u00e0 7 &amp; de Touch pourrait-il refuser la proposition all\u00e9chante de jouer au Rugby ou au Touch sur un terrain de Rugby ensoleill\u00e9 en Espagne ...\" \/>\n<meta property=\"og:url\" content=\"https:\/\/www.bcns7s.com\/fr\/rugby\/inforeglement\/\" \/>\n<meta property=\"og:site_name\" content=\"Barcelona Sunshine 7s\" \/>\n<meta property=\"article:modified_time\" content=\"2023-09-26T12:59:44+00:00\" \/>\n<meta name=\"twitter:card\" content=\"summary_large_image\" \/>\n<meta name=\"twitter:label1\" content=\"Dur\u00e9e de lecture estim\u00e9e\" \/>\n\t<meta name=\"twitter:data1\" content=\"9 minutes\" \/>\n<script type=\"application\/ld+json\" class=\"yoast-schema-graph\">{\"@context\":\"https:\\\/\\\/schema.org\",\"@graph\":[{\"@type\":\"WebPage\",\"@id\":\"https:\\\/\\\/www.bcns7s.com\\\/fr\\\/rugby\\\/inforeglement\\\/\",\"url\":\"https:\\\/\\\/www.bcns7s.com\\\/fr\\\/rugby\\\/inforeglement\\\/\",\"name\":\"Info & R\u00e8glement - Barcelona Sunshine 7s\",\"isPartOf\":{\"@id\":\"https:\\\/\\\/www.bcns7s.com\\\/#website\"},\"datePublished\":\"2013-11-05T19:05:02+00:00\",\"dateModified\":\"2023-09-26T12:59:44+00:00\",\"breadcrumb\":{\"@id\":\"https:\\\/\\\/www.bcns7s.com\\\/fr\\\/rugby\\\/inforeglement\\\/#breadcrumb\"},\"inLanguage\":\"fr-FR\",\"potentialAction\":[{\"@type\":\"ReadAction\",\"target\":[\"https:\\\/\\\/www.bcns7s.com\\\/fr\\\/rugby\\\/inforeglement\\\/\"]}]},{\"@type\":\"BreadcrumbList\",\"@id\":\"https:\\\/\\\/www.bcns7s.com\\\/fr\\\/rugby\\\/inforeglement\\\/#breadcrumb\",\"itemListElement\":[{\"@type\":\"ListItem\",\"position\":1,\"name\":\"Home\",\"item\":\"https:\\\/\\\/www.bcns7s.com\\\/fr\\\/\"},{\"@type\":\"ListItem\",\"position\":2,\"name\":\"Rugby\",\"item\":\"https:\\\/\\\/www.bcns7s.com\\\/fr\\\/rugby\\\/\"},{\"@type\":\"ListItem\",\"position\":3,\"name\":\"Info &#038; R\u00e8glement\"}]},{\"@type\":\"WebSite\",\"@id\":\"https:\\\/\\\/www.bcns7s.com\\\/#website\",\"url\":\"https:\\\/\\\/www.bcns7s.com\\\/\",\"name\":\"Barcelona Sunshine 7s\",\"description\":\"\",\"potentialAction\":[{\"@type\":\"SearchAction\",\"target\":{\"@type\":\"EntryPoint\",\"urlTemplate\":\"https:\\\/\\\/www.bcns7s.com\\\/?s={search_term_string}\"},\"query-input\":{\"@type\":\"PropertyValueSpecification\",\"valueRequired\":true,\"valueName\":\"search_term_string\"}}],\"inLanguage\":\"fr-FR\"}]}<\/script>\n<!-- \/ Yoast SEO plugin. -->","yoast_head_json":{"title":"Info & R\u00e8glement - Barcelona Sunshine 7s","robots":{"index":"index","follow":"follow","max-snippet":"max-snippet:-1","max-image-preview":"max-image-preview:large","max-video-preview":"max-video-preview:-1"},"canonical":"https:\/\/www.bcns7s.com\/fr\/rugby\/inforeglement\/","og_locale":"fr_FR","og_type":"article","og_title":"Info & R\u00e8glement - Barcelona Sunshine 7s","og_description":"Comment un passion\u00e9 de Rugby \u00e0 7 &amp; de Touch pourrait-il refuser la proposition all\u00e9chante de jouer au Rugby ou au Touch sur un terrain de Rugby ensoleill\u00e9 en Espagne ...","og_url":"https:\/\/www.bcns7s.com\/fr\/rugby\/inforeglement\/","og_site_name":"Barcelona Sunshine 7s","article_modified_time":"2023-09-26T12:59:44+00:00","twitter_card":"summary_large_image","twitter_misc":{"Dur\u00e9e de lecture estim\u00e9e":"9 minutes"},"schema":{"@context":"https:\/\/schema.org","@graph":[{"@type":"WebPage","@id":"https:\/\/www.bcns7s.com\/fr\/rugby\/inforeglement\/","url":"https:\/\/www.bcns7s.com\/fr\/rugby\/inforeglement\/","name":"Info & R\u00e8glement - Barcelona Sunshine 7s","isPartOf":{"@id":"https:\/\/www.bcns7s.com\/#website"},"datePublished":"2013-11-05T19:05:02+00:00","dateModified":"2023-09-26T12:59:44+00:00","breadcrumb":{"@id":"https:\/\/www.bcns7s.com\/fr\/rugby\/inforeglement\/#breadcrumb"},"inLanguage":"fr-FR","potentialAction":[{"@type":"ReadAction","target":["https:\/\/www.bcns7s.com\/fr\/rugby\/inforeglement\/"]}]},{"@type":"BreadcrumbList","@id":"https:\/\/www.bcns7s.com\/fr\/rugby\/inforeglement\/#breadcrumb","itemListElement":[{"@type":"ListItem","position":1,"name":"Home","item":"https:\/\/www.bcns7s.com\/fr\/"},{"@type":"ListItem","position":2,"name":"Rugby","item":"https:\/\/www.bcns7s.com\/fr\/rugby\/"},{"@type":"ListItem","position":3,"name":"Info &#038; R\u00e8glement"}]},{"@type":"WebSite","@id":"https:\/\/www.bcns7s.com\/#website","url":"https:\/\/www.bcns7s.com\/","name":"Barcelona Sunshine 7s","description":"","potentialAction":[{"@type":"SearchAction","target":{"@type":"EntryPoint","urlTemplate":"https:\/\/www.bcns7s.com\/?s={search_term_string}"},"query-input":{"@type":"PropertyValueSpecification","valueRequired":true,"valueName":"search_term_string"}}],"inLanguage":"fr-FR"}]}},"_links":{"self":[{"href":"https:\/\/www.bcns7s.com\/fr\/wp-json\/wp\/v2\/pages\/546","targetHints":{"allow":["GET"]}}],"collection":[{"href":"https:\/\/www.bcns7s.com\/fr\/wp-json\/wp\/v2\/pages"}],"about":[{"href":"https:\/\/www.bcns7s.com\/fr\/wp-json\/wp\/v2\/types\/page"}],"author":[{"embeddable":true,"href":"https:\/\/www.bcns7s.com\/fr\/wp-json\/wp\/v2\/users\/5666"}],"replies":[{"embeddable":true,"href":"https:\/\/www.bcns7s.com\/fr\/wp-json\/wp\/v2\/comments?post=546"}],"version-history":[{"count":21,"href":"https:\/\/www.bcns7s.com\/fr\/wp-json\/wp\/v2\/pages\/546\/revisions"}],"predecessor-version":[{"id":2804,"href":"https:\/\/www.bcns7s.com\/fr\/wp-json\/wp\/v2\/pages\/546\/revisions\/2804"}],"up":[{"embeddable":true,"href":"https:\/\/www.bcns7s.com\/fr\/wp-json\/wp\/v2\/pages\/655"}],"wp:attachment":[{"href":"https:\/\/www.bcns7s.com\/fr\/wp-json\/wp\/v2\/media?parent=546"}],"curies":[{"name":"wp","href":"https:\/\/api.w.org\/{rel}","templated":true}]}}