{"id":506,"date":"2013-11-05T15:34:44","date_gmt":"2013-11-05T15:34:44","guid":{"rendered":"http:\/\/bcns7s.com\/?page_id=506"},"modified":"2020-09-11T09:49:37","modified_gmt":"2020-09-11T09:49:37","slug":"hotel","status":"publish","type":"page","link":"https:\/\/www.bcns7s.com\/fr\/logement\/hotel\/","title":{"rendered":"H\u00f4tel"},"content":{"rendered":"<p><img fetchpriority=\"high\" decoding=\"async\" class=\"alignnone size-full wp-image-352\" src=\"http:\/\/bcns7s.com\/wp-content\/uploads\/2013\/08\/hotel.jpg\" alt=\"hotel\" width=\"675\" height=\"300\" srcset=\"https:\/\/www.bcns7s.com\/wp-content\/uploads\/2013\/08\/hotel.jpg 675w, https:\/\/www.bcns7s.com\/wp-content\/uploads\/2013\/08\/hotel-300x133.jpg 300w\" sizes=\"(max-width: 675px) 100vw, 675px\" \/><\/p>\n<p>Le ou Les H\u00f4tels accr\u00e9dit\u00e9s du Festival sont tous situ\u00e9s sur la <strong>Costa Brava<\/strong>, r\u00e9put\u00e9e pour sa vie nocturne et son ambiance festive et \u00e0 proximit\u00e9 de la Gare routi\u00e8re et de la Plage, dans le centre-ville de <strong>Lloret<\/strong>.<\/p>\n<p>Les Chambres sont <strong>triples<\/strong> pour les joueurs\/joueuses et <strong>doubles<\/strong> pour les couples.<\/p>\n<p>Le ou Les H\u00f4tels sont situ\u00e9s \u00e0 <strong>5 minutes en marchant<\/strong> du quartier <strong>Lloret by Night<\/strong>.<\/p>\n<p>L&rsquo;avantage de la Formule H\u00f4tel est que vous n&rsquo;avez pas besoin de <strong>moyen de transport durant toute la dur\u00e9e du Festival<\/strong>\u00a0!<\/p>\n<p><span style=\"color: #ff0000;\"><strong>IMPORTANT<\/strong>\u00a0!<\/span><\/p>\n<p>Les Chambres d&rsquo;H\u00f4tel sont<strong> limit\u00e9es en nombre<\/strong>, il est donc important de vous inscrire le plus t\u00f4t possible pour \u00eatre s\u00fbrs d&rsquo;avoir de la place.<\/p>\n","protected":false},"excerpt":{"rendered":"<p>Le ou Les H\u00f4tels accr\u00e9dit\u00e9s du Festival sont tous situ\u00e9s sur la Costa Brava, r\u00e9put\u00e9e pour sa vie nocturne et son ambiance festive et \u00e0 proximit\u00e9 de la Gare routi\u00e8re &#8230;<\/p>\n","protected":false},"author":5666,"featured_media":0,"parent":659,"menu_order":0,"comment_status":"closed","ping_status":"closed","template":"","meta":{"footnotes":""},"class_list":["post-506","page","type-page","status-publish","hentry"],"yoast_head":"<!-- This site is optimized with the Yoast SEO plugin v27.3 - https:\/\/yoast.com\/product\/yoast-seo-wordpress\/ -->\n<title>H\u00f4tel - Barcelona Sunshine 7s<\/title>\n<meta name=\"robots\" content=\"index, follow, max-snippet:-1, max-image-preview:large, max-video-preview:-1\" \/>\n<link rel=\"canonical\" href=\"https:\/\/www.bcns7s.com\/fr\/logement\/hotel\/\" \/>\n<meta property=\"og:locale\" content=\"fr_FR\" \/>\n<meta property=\"og:type\" content=\"article\" \/>\n<meta property=\"og:title\" content=\"H\u00f4tel - Barcelona Sunshine 7s\" \/>\n<meta property=\"og:description\" content=\"Le ou Les H\u00f4tels accr\u00e9dit\u00e9s du Festival sont tous situ\u00e9s sur la Costa Brava, r\u00e9put\u00e9e pour sa vie nocturne et son ambiance festive et \u00e0 proximit\u00e9 de la Gare routi\u00e8re ...\" \/>\n<meta property=\"og:url\" content=\"https:\/\/www.bcns7s.com\/fr\/logement\/hotel\/\" \/>\n<meta property=\"og:site_name\" content=\"Barcelona Sunshine 7s\" \/>\n<meta property=\"article:modified_time\" content=\"2020-09-11T09:49:37+00:00\" \/>\n<meta property=\"og:image\" content=\"http:\/\/bcns7s.com\/wp-content\/uploads\/2013\/08\/hotel.jpg\" \/>\n<meta name=\"twitter:card\" content=\"summary_large_image\" \/>\n<meta name=\"twitter:label1\" content=\"Dur\u00e9e de lecture estim\u00e9e\" \/>\n\t<meta name=\"twitter:data1\" content=\"1 minute\" \/>\n<script type=\"application\/ld+json\" class=\"yoast-schema-graph\">{\"@context\":\"https:\\\/\\\/schema.org\",\"@graph\":[{\"@type\":\"WebPage\",\"@id\":\"https:\\\/\\\/www.bcns7s.com\\\/fr\\\/logement\\\/hotel\\\/\",\"url\":\"https:\\\/\\\/www.bcns7s.com\\\/fr\\\/logement\\\/hotel\\\/\",\"name\":\"H\u00f4tel - Barcelona Sunshine 7s\",\"isPartOf\":{\"@id\":\"https:\\\/\\\/www.bcns7s.com\\\/#website\"},\"primaryImageOfPage\":{\"@id\":\"https:\\\/\\\/www.bcns7s.com\\\/fr\\\/logement\\\/hotel\\\/#primaryimage\"},\"image\":{\"@id\":\"https:\\\/\\\/www.bcns7s.com\\\/fr\\\/logement\\\/hotel\\\/#primaryimage\"},\"thumbnailUrl\":\"http:\\\/\\\/bcns7s.com\\\/wp-content\\\/uploads\\\/2013\\\/08\\\/hotel.jpg\",\"datePublished\":\"2013-11-05T15:34:44+00:00\",\"dateModified\":\"2020-09-11T09:49:37+00:00\",\"breadcrumb\":{\"@id\":\"https:\\\/\\\/www.bcns7s.com\\\/fr\\\/logement\\\/hotel\\\/#breadcrumb\"},\"inLanguage\":\"fr-FR\",\"potentialAction\":[{\"@type\":\"ReadAction\",\"target\":[\"https:\\\/\\\/www.bcns7s.com\\\/fr\\\/logement\\\/hotel\\\/\"]}]},{\"@type\":\"ImageObject\",\"inLanguage\":\"fr-FR\",\"@id\":\"https:\\\/\\\/www.bcns7s.com\\\/fr\\\/logement\\\/hotel\\\/#primaryimage\",\"url\":\"http:\\\/\\\/bcns7s.com\\\/wp-content\\\/uploads\\\/2013\\\/08\\\/hotel.jpg\",\"contentUrl\":\"http:\\\/\\\/bcns7s.com\\\/wp-content\\\/uploads\\\/2013\\\/08\\\/hotel.jpg\"},{\"@type\":\"BreadcrumbList\",\"@id\":\"https:\\\/\\\/www.bcns7s.com\\\/fr\\\/logement\\\/hotel\\\/#breadcrumb\",\"itemListElement\":[{\"@type\":\"ListItem\",\"position\":1,\"name\":\"Home\",\"item\":\"https:\\\/\\\/www.bcns7s.com\\\/fr\\\/\"},{\"@type\":\"ListItem\",\"position\":2,\"name\":\"Logement\",\"item\":\"https:\\\/\\\/www.bcns7s.com\\\/fr\\\/logement\\\/\"},{\"@type\":\"ListItem\",\"position\":3,\"name\":\"H\u00f4tel\"}]},{\"@type\":\"WebSite\",\"@id\":\"https:\\\/\\\/www.bcns7s.com\\\/#website\",\"url\":\"https:\\\/\\\/www.bcns7s.com\\\/\",\"name\":\"Barcelona Sunshine 7s\",\"description\":\"\",\"potentialAction\":[{\"@type\":\"SearchAction\",\"target\":{\"@type\":\"EntryPoint\",\"urlTemplate\":\"https:\\\/\\\/www.bcns7s.com\\\/?s={search_term_string}\"},\"query-input\":{\"@type\":\"PropertyValueSpecification\",\"valueRequired\":true,\"valueName\":\"search_term_string\"}}],\"inLanguage\":\"fr-FR\"}]}<\/script>\n<!-- \/ Yoast SEO plugin. -->","yoast_head_json":{"title":"H\u00f4tel - Barcelona Sunshine 7s","robots":{"index":"index","follow":"follow","max-snippet":"max-snippet:-1","max-image-preview":"max-image-preview:large","max-video-preview":"max-video-preview:-1"},"canonical":"https:\/\/www.bcns7s.com\/fr\/logement\/hotel\/","og_locale":"fr_FR","og_type":"article","og_title":"H\u00f4tel - Barcelona Sunshine 7s","og_description":"Le ou Les H\u00f4tels accr\u00e9dit\u00e9s du Festival sont tous situ\u00e9s sur la Costa Brava, r\u00e9put\u00e9e pour sa vie nocturne et son ambiance festive et \u00e0 proximit\u00e9 de la Gare routi\u00e8re ...","og_url":"https:\/\/www.bcns7s.com\/fr\/logement\/hotel\/","og_site_name":"Barcelona Sunshine 7s","article_modified_time":"2020-09-11T09:49:37+00:00","og_image":[{"url":"http:\/\/bcns7s.com\/wp-content\/uploads\/2013\/08\/hotel.jpg","type":"","width":"","height":""}],"twitter_card":"summary_large_image","twitter_misc":{"Dur\u00e9e de lecture estim\u00e9e":"1 minute"},"schema":{"@context":"https:\/\/schema.org","@graph":[{"@type":"WebPage","@id":"https:\/\/www.bcns7s.com\/fr\/logement\/hotel\/","url":"https:\/\/www.bcns7s.com\/fr\/logement\/hotel\/","name":"H\u00f4tel - Barcelona Sunshine 7s","isPartOf":{"@id":"https:\/\/www.bcns7s.com\/#website"},"primaryImageOfPage":{"@id":"https:\/\/www.bcns7s.com\/fr\/logement\/hotel\/#primaryimage"},"image":{"@id":"https:\/\/www.bcns7s.com\/fr\/logement\/hotel\/#primaryimage"},"thumbnailUrl":"http:\/\/bcns7s.com\/wp-content\/uploads\/2013\/08\/hotel.jpg","datePublished":"2013-11-05T15:34:44+00:00","dateModified":"2020-09-11T09:49:37+00:00","breadcrumb":{"@id":"https:\/\/www.bcns7s.com\/fr\/logement\/hotel\/#breadcrumb"},"inLanguage":"fr-FR","potentialAction":[{"@type":"ReadAction","target":["https:\/\/www.bcns7s.com\/fr\/logement\/hotel\/"]}]},{"@type":"ImageObject","inLanguage":"fr-FR","@id":"https:\/\/www.bcns7s.com\/fr\/logement\/hotel\/#primaryimage","url":"http:\/\/bcns7s.com\/wp-content\/uploads\/2013\/08\/hotel.jpg","contentUrl":"http:\/\/bcns7s.com\/wp-content\/uploads\/2013\/08\/hotel.jpg"},{"@type":"BreadcrumbList","@id":"https:\/\/www.bcns7s.com\/fr\/logement\/hotel\/#breadcrumb","itemListElement":[{"@type":"ListItem","position":1,"name":"Home","item":"https:\/\/www.bcns7s.com\/fr\/"},{"@type":"ListItem","position":2,"name":"Logement","item":"https:\/\/www.bcns7s.com\/fr\/logement\/"},{"@type":"ListItem","position":3,"name":"H\u00f4tel"}]},{"@type":"WebSite","@id":"https:\/\/www.bcns7s.com\/#website","url":"https:\/\/www.bcns7s.com\/","name":"Barcelona Sunshine 7s","description":"","potentialAction":[{"@type":"SearchAction","target":{"@type":"EntryPoint","urlTemplate":"https:\/\/www.bcns7s.com\/?s={search_term_string}"},"query-input":{"@type":"PropertyValueSpecification","valueRequired":true,"valueName":"search_term_string"}}],"inLanguage":"fr-FR"}]}},"_links":{"self":[{"href":"https:\/\/www.bcns7s.com\/fr\/wp-json\/wp\/v2\/pages\/506","targetHints":{"allow":["GET"]}}],"collection":[{"href":"https:\/\/www.bcns7s.com\/fr\/wp-json\/wp\/v2\/pages"}],"about":[{"href":"https:\/\/www.bcns7s.com\/fr\/wp-json\/wp\/v2\/types\/page"}],"author":[{"embeddable":true,"href":"https:\/\/www.bcns7s.com\/fr\/wp-json\/wp\/v2\/users\/5666"}],"replies":[{"embeddable":true,"href":"https:\/\/www.bcns7s.com\/fr\/wp-json\/wp\/v2\/comments?post=506"}],"version-history":[{"count":14,"href":"https:\/\/www.bcns7s.com\/fr\/wp-json\/wp\/v2\/pages\/506\/revisions"}],"predecessor-version":[{"id":1582,"href":"https:\/\/www.bcns7s.com\/fr\/wp-json\/wp\/v2\/pages\/506\/revisions\/1582"}],"up":[{"embeddable":true,"href":"https:\/\/www.bcns7s.com\/fr\/wp-json\/wp\/v2\/pages\/659"}],"wp:attachment":[{"href":"https:\/\/www.bcns7s.com\/fr\/wp-json\/wp\/v2\/media?parent=506"}],"curies":[{"name":"wp","href":"https:\/\/api.w.org\/{rel}","templated":true}]}}