{"id":496,"date":"2013-11-05T15:21:44","date_gmt":"2013-11-05T15:21:44","guid":{"rendered":"http:\/\/bcns7s.com\/?page_id=496"},"modified":"2013-11-08T17:26:03","modified_gmt":"2013-11-08T17:26:03","slug":"appartements","status":"publish","type":"page","link":"https:\/\/www.bcns7s.com\/fr\/logement\/appartements\/","title":{"rendered":"Appartements"},"content":{"rendered":"<p><img fetchpriority=\"high\" decoding=\"async\" class=\"alignnone size-full wp-image-350\" alt=\"apartment\" src=\"http:\/\/bcns7s.com\/wp-content\/uploads\/2013\/08\/apartment.jpg\" width=\"675\" height=\"300\" srcset=\"https:\/\/www.bcns7s.com\/wp-content\/uploads\/2013\/08\/apartment.jpg 675w, https:\/\/www.bcns7s.com\/wp-content\/uploads\/2013\/08\/apartment-300x133.jpg 300w\" sizes=\"(max-width: 675px) 100vw, 675px\" \/><\/p>\n<p><b><span style=\"text-decoration: underline;\"><br \/>\n<\/span><\/b>Le ou Les H\u00f4tels\/Appartements accr\u00e9dit\u00e9s du Festival sont tous situ\u00e9s sur la c\u00f4te del Garraf, r\u00e9put\u00e9e pour sa vie nocturne et son ambiance festive\u00a0en \u00e9t\u00e9 et \u00e0 proximit\u00e9 de la gare, dans le centre-ville.<\/p>\n<p>Les Appartements peuvent loger de\u00a0<strong>5 \u00e0 6\u00a0personnes<\/strong>.<\/p>\n<p>\u00c0\u00a0la remise des cl\u00e9s, il vous sera demand\u00e9 une\u00a0<strong>caution de 150 \u20ac<\/strong>\u00a0par Appartement qui vous sera restitu\u00e9e lors de votre d\u00e9part.<\/p>\n<p>Des navettes bus \u00e0 des\u00a0<strong>horaires bien pr\u00e9cis\u00a0<\/strong>vous emm\u00e8neront du centre-ville \u00e0 la plage du Festival et vous ram\u00e8neront ensuite au centre-ville.<\/p>\n<p>L&rsquo;avantage de cette option est que vous n&rsquo;avez pas besoin de\u00a0<strong>moyen de transport durant toute la dur\u00e9e du Festival<\/strong>\u00a0!<\/p>\n<p><span style=\"color: #ff0000;\"><strong>IMPORTANT<\/strong>\u00a0!<\/span><\/p>\n<p>Les Appartements sont<strong>\u00a0limit\u00e9s en nombre<\/strong>\u00a0(pensez que c&rsquo;est le d\u00e9but de la saison estivale), il est donc important de vous inscrire le plus t\u00f4t possible pour \u00eatre s\u00fbrs d&rsquo;avoir de la place.<\/p>\n","protected":false},"excerpt":{"rendered":"<p>Le ou Les H\u00f4tels\/Appartements accr\u00e9dit\u00e9s du Festival sont tous situ\u00e9s sur la c\u00f4te del Garraf, r\u00e9put\u00e9e pour sa vie nocturne et son ambiance festive\u00a0en \u00e9t\u00e9 et \u00e0 proximit\u00e9 de la &#8230;<\/p>\n","protected":false},"author":5666,"featured_media":0,"parent":659,"menu_order":0,"comment_status":"closed","ping_status":"closed","template":"","meta":{"footnotes":""},"class_list":["post-496","page","type-page","status-publish","hentry"],"yoast_head":"<!-- This site is optimized with the Yoast SEO plugin v27.5 - https:\/\/yoast.com\/product\/yoast-seo-wordpress\/ -->\n<title>Appartements - Barcelona Sunshine 7s<\/title>\n<meta name=\"robots\" content=\"index, follow, max-snippet:-1, max-image-preview:large, max-video-preview:-1\" \/>\n<link rel=\"canonical\" href=\"https:\/\/www.bcns7s.com\/fr\/logement\/appartements\/\" \/>\n<meta property=\"og:locale\" content=\"fr_FR\" \/>\n<meta property=\"og:type\" content=\"article\" \/>\n<meta property=\"og:title\" content=\"Appartements - Barcelona Sunshine 7s\" \/>\n<meta property=\"og:description\" content=\"Le ou Les H\u00f4tels\/Appartements accr\u00e9dit\u00e9s du Festival sont tous situ\u00e9s sur la c\u00f4te del Garraf, r\u00e9put\u00e9e pour sa vie nocturne et son ambiance festive\u00a0en \u00e9t\u00e9 et \u00e0 proximit\u00e9 de la ...\" \/>\n<meta property=\"og:url\" content=\"https:\/\/www.bcns7s.com\/fr\/logement\/appartements\/\" \/>\n<meta property=\"og:site_name\" content=\"Barcelona Sunshine 7s\" \/>\n<meta property=\"article:modified_time\" content=\"2013-11-08T17:26:03+00:00\" \/>\n<meta property=\"og:image\" content=\"http:\/\/bcns7s.com\/wp-content\/uploads\/2013\/08\/apartment.jpg\" \/>\n<meta name=\"twitter:card\" content=\"summary_large_image\" \/>\n<meta name=\"twitter:label1\" content=\"Dur\u00e9e de lecture estim\u00e9e\" \/>\n\t<meta name=\"twitter:data1\" content=\"1 minute\" \/>\n<script type=\"application\/ld+json\" class=\"yoast-schema-graph\">{\"@context\":\"https:\\\/\\\/schema.org\",\"@graph\":[{\"@type\":\"WebPage\",\"@id\":\"https:\\\/\\\/www.bcns7s.com\\\/fr\\\/logement\\\/appartements\\\/\",\"url\":\"https:\\\/\\\/www.bcns7s.com\\\/fr\\\/logement\\\/appartements\\\/\",\"name\":\"Appartements - Barcelona Sunshine 7s\",\"isPartOf\":{\"@id\":\"https:\\\/\\\/www.bcns7s.com\\\/#website\"},\"primaryImageOfPage\":{\"@id\":\"https:\\\/\\\/www.bcns7s.com\\\/fr\\\/logement\\\/appartements\\\/#primaryimage\"},\"image\":{\"@id\":\"https:\\\/\\\/www.bcns7s.com\\\/fr\\\/logement\\\/appartements\\\/#primaryimage\"},\"thumbnailUrl\":\"http:\\\/\\\/bcns7s.com\\\/wp-content\\\/uploads\\\/2013\\\/08\\\/apartment.jpg\",\"datePublished\":\"2013-11-05T15:21:44+00:00\",\"dateModified\":\"2013-11-08T17:26:03+00:00\",\"breadcrumb\":{\"@id\":\"https:\\\/\\\/www.bcns7s.com\\\/fr\\\/logement\\\/appartements\\\/#breadcrumb\"},\"inLanguage\":\"fr-FR\",\"potentialAction\":[{\"@type\":\"ReadAction\",\"target\":[\"https:\\\/\\\/www.bcns7s.com\\\/fr\\\/logement\\\/appartements\\\/\"]}]},{\"@type\":\"ImageObject\",\"inLanguage\":\"fr-FR\",\"@id\":\"https:\\\/\\\/www.bcns7s.com\\\/fr\\\/logement\\\/appartements\\\/#primaryimage\",\"url\":\"http:\\\/\\\/bcns7s.com\\\/wp-content\\\/uploads\\\/2013\\\/08\\\/apartment.jpg\",\"contentUrl\":\"http:\\\/\\\/bcns7s.com\\\/wp-content\\\/uploads\\\/2013\\\/08\\\/apartment.jpg\"},{\"@type\":\"BreadcrumbList\",\"@id\":\"https:\\\/\\\/www.bcns7s.com\\\/fr\\\/logement\\\/appartements\\\/#breadcrumb\",\"itemListElement\":[{\"@type\":\"ListItem\",\"position\":1,\"name\":\"Home\",\"item\":\"https:\\\/\\\/www.bcns7s.com\\\/fr\\\/\"},{\"@type\":\"ListItem\",\"position\":2,\"name\":\"Logement\",\"item\":\"https:\\\/\\\/www.bcns7s.com\\\/fr\\\/logement\\\/\"},{\"@type\":\"ListItem\",\"position\":3,\"name\":\"Appartements\"}]},{\"@type\":\"WebSite\",\"@id\":\"https:\\\/\\\/www.bcns7s.com\\\/#website\",\"url\":\"https:\\\/\\\/www.bcns7s.com\\\/\",\"name\":\"Barcelona Sunshine 7s\",\"description\":\"\",\"potentialAction\":[{\"@type\":\"SearchAction\",\"target\":{\"@type\":\"EntryPoint\",\"urlTemplate\":\"https:\\\/\\\/www.bcns7s.com\\\/?s={search_term_string}\"},\"query-input\":{\"@type\":\"PropertyValueSpecification\",\"valueRequired\":true,\"valueName\":\"search_term_string\"}}],\"inLanguage\":\"fr-FR\"}]}<\/script>\n<!-- \/ Yoast SEO plugin. -->","yoast_head_json":{"title":"Appartements - Barcelona Sunshine 7s","robots":{"index":"index","follow":"follow","max-snippet":"max-snippet:-1","max-image-preview":"max-image-preview:large","max-video-preview":"max-video-preview:-1"},"canonical":"https:\/\/www.bcns7s.com\/fr\/logement\/appartements\/","og_locale":"fr_FR","og_type":"article","og_title":"Appartements - Barcelona Sunshine 7s","og_description":"Le ou Les H\u00f4tels\/Appartements accr\u00e9dit\u00e9s du Festival sont tous situ\u00e9s sur la c\u00f4te del Garraf, r\u00e9put\u00e9e pour sa vie nocturne et son ambiance festive\u00a0en \u00e9t\u00e9 et \u00e0 proximit\u00e9 de la ...","og_url":"https:\/\/www.bcns7s.com\/fr\/logement\/appartements\/","og_site_name":"Barcelona Sunshine 7s","article_modified_time":"2013-11-08T17:26:03+00:00","og_image":[{"url":"http:\/\/bcns7s.com\/wp-content\/uploads\/2013\/08\/apartment.jpg","type":"","width":"","height":""}],"twitter_card":"summary_large_image","twitter_misc":{"Dur\u00e9e de lecture estim\u00e9e":"1 minute"},"schema":{"@context":"https:\/\/schema.org","@graph":[{"@type":"WebPage","@id":"https:\/\/www.bcns7s.com\/fr\/logement\/appartements\/","url":"https:\/\/www.bcns7s.com\/fr\/logement\/appartements\/","name":"Appartements - Barcelona Sunshine 7s","isPartOf":{"@id":"https:\/\/www.bcns7s.com\/#website"},"primaryImageOfPage":{"@id":"https:\/\/www.bcns7s.com\/fr\/logement\/appartements\/#primaryimage"},"image":{"@id":"https:\/\/www.bcns7s.com\/fr\/logement\/appartements\/#primaryimage"},"thumbnailUrl":"http:\/\/bcns7s.com\/wp-content\/uploads\/2013\/08\/apartment.jpg","datePublished":"2013-11-05T15:21:44+00:00","dateModified":"2013-11-08T17:26:03+00:00","breadcrumb":{"@id":"https:\/\/www.bcns7s.com\/fr\/logement\/appartements\/#breadcrumb"},"inLanguage":"fr-FR","potentialAction":[{"@type":"ReadAction","target":["https:\/\/www.bcns7s.com\/fr\/logement\/appartements\/"]}]},{"@type":"ImageObject","inLanguage":"fr-FR","@id":"https:\/\/www.bcns7s.com\/fr\/logement\/appartements\/#primaryimage","url":"http:\/\/bcns7s.com\/wp-content\/uploads\/2013\/08\/apartment.jpg","contentUrl":"http:\/\/bcns7s.com\/wp-content\/uploads\/2013\/08\/apartment.jpg"},{"@type":"BreadcrumbList","@id":"https:\/\/www.bcns7s.com\/fr\/logement\/appartements\/#breadcrumb","itemListElement":[{"@type":"ListItem","position":1,"name":"Home","item":"https:\/\/www.bcns7s.com\/fr\/"},{"@type":"ListItem","position":2,"name":"Logement","item":"https:\/\/www.bcns7s.com\/fr\/logement\/"},{"@type":"ListItem","position":3,"name":"Appartements"}]},{"@type":"WebSite","@id":"https:\/\/www.bcns7s.com\/#website","url":"https:\/\/www.bcns7s.com\/","name":"Barcelona Sunshine 7s","description":"","potentialAction":[{"@type":"SearchAction","target":{"@type":"EntryPoint","urlTemplate":"https:\/\/www.bcns7s.com\/?s={search_term_string}"},"query-input":{"@type":"PropertyValueSpecification","valueRequired":true,"valueName":"search_term_string"}}],"inLanguage":"fr-FR"}]}},"_links":{"self":[{"href":"https:\/\/www.bcns7s.com\/fr\/wp-json\/wp\/v2\/pages\/496","targetHints":{"allow":["GET"]}}],"collection":[{"href":"https:\/\/www.bcns7s.com\/fr\/wp-json\/wp\/v2\/pages"}],"about":[{"href":"https:\/\/www.bcns7s.com\/fr\/wp-json\/wp\/v2\/types\/page"}],"author":[{"embeddable":true,"href":"https:\/\/www.bcns7s.com\/fr\/wp-json\/wp\/v2\/users\/5666"}],"replies":[{"embeddable":true,"href":"https:\/\/www.bcns7s.com\/fr\/wp-json\/wp\/v2\/comments?post=496"}],"version-history":[{"count":11,"href":"https:\/\/www.bcns7s.com\/fr\/wp-json\/wp\/v2\/pages\/496\/revisions"}],"predecessor-version":[{"id":869,"href":"https:\/\/www.bcns7s.com\/fr\/wp-json\/wp\/v2\/pages\/496\/revisions\/869"}],"up":[{"embeddable":true,"href":"https:\/\/www.bcns7s.com\/fr\/wp-json\/wp\/v2\/pages\/659"}],"wp:attachment":[{"href":"https:\/\/www.bcns7s.com\/fr\/wp-json\/wp\/v2\/media?parent=496"}],"curies":[{"name":"wp","href":"https:\/\/api.w.org\/{rel}","templated":true}]}}