{"id":479,"date":"2013-11-05T15:07:13","date_gmt":"2013-11-05T15:07:13","guid":{"rendered":"http:\/\/bcns7s.com\/?page_id=479"},"modified":"2020-09-11T11:52:22","modified_gmt":"2020-09-11T11:52:22","slug":"assurance","status":"publish","type":"page","link":"https:\/\/www.bcns7s.com\/fr\/festival\/assurance\/","title":{"rendered":"Assurance"},"content":{"rendered":"<p>Les \u00e9quipes, joueurs\/joueuses,\u00a0accompagnateur-rices devront \u00eatre assur\u00e9s collectivement ou individuellement en cas de blessures, maladies, accidents, d\u00e9g\u00e2ts, pertes, vols etc &#8230; \u00e0 l&rsquo;\u00e9tranger.<\/p>\n<p>Cette assurance devra les couvrir contre toute \u00e9ventualit\u00e9 et pr\u00e9judices possibles durant toute la dur\u00e9e du s\u00e9jour sur le territoire espagnol, incluant non seulement les rencontres sportives mais aussi les diff\u00e9rents actes sociaux (soir\u00e9e d&rsquo;accueil, d\u00eener de gala) pr\u00e9vus au programme.<\/p>\n<p>Avant le d\u00e9but du Festival, concernant le tournoi sportif,\u00a0vous devrez\u00a0nous faire parvenir\u00a0<strong>une copie de votre assurance collective et\/ou des licences sportives de chaque joueur\/joueuse.<\/strong><\/p>\n<p>Vous devrez \u00e9galement signer le\u00a0<strong>r\u00e8glement du Festival<\/strong>\u00a0d\u00e9douanant ainsi le comit\u00e9 d&rsquo;organisation du Festival de toute responsabilit\u00e9 en cas d&rsquo;\u00e9ventuels blessures ou incidents.<\/p>\n<p><strong>En cas d&rsquo;absence de la copie de l&rsquo;assurance\/licences et du r\u00e8glement sign\u00e9, l&rsquo;\u00e9quipe concern\u00e9e ne sera pas autoris\u00e9e \u00e0 participer au Festival<\/strong>.<\/p>\n<p>Un staff m\u00e9dical sera pr\u00e9sent durante toute la dur\u00e9e du tournoi pour vous apporter les 1ers soins auxiliaires. L&rsquo;h\u00f4pital le plus proche est situ\u00e9 \u00e0 5 mns en ambulance des Terrains.<\/p>\n","protected":false},"excerpt":{"rendered":"<p>Les \u00e9quipes, joueurs\/joueuses,\u00a0accompagnateur-rices devront \u00eatre assur\u00e9s collectivement ou individuellement en cas de blessures, maladies, accidents, d\u00e9g\u00e2ts, pertes, vols etc &#8230; \u00e0 l&rsquo;\u00e9tranger. Cette assurance devra les couvrir contre toute \u00e9ventualit\u00e9 &#8230;<\/p>\n","protected":false},"author":5666,"featured_media":0,"parent":644,"menu_order":0,"comment_status":"closed","ping_status":"closed","template":"","meta":{"footnotes":""},"class_list":["post-479","page","type-page","status-publish","hentry"],"yoast_head":"<!-- This site is optimized with the Yoast SEO plugin v27.6 - https:\/\/yoast.com\/product\/yoast-seo-wordpress\/ -->\n<title>Assurance - Barcelona Sunshine 7s<\/title>\n<meta name=\"robots\" content=\"index, follow, max-snippet:-1, max-image-preview:large, max-video-preview:-1\" \/>\n<link rel=\"canonical\" href=\"https:\/\/www.bcns7s.com\/fr\/festival\/assurance\/\" \/>\n<meta property=\"og:locale\" content=\"fr_FR\" \/>\n<meta property=\"og:type\" content=\"article\" \/>\n<meta property=\"og:title\" content=\"Assurance - Barcelona Sunshine 7s\" \/>\n<meta property=\"og:description\" content=\"Les \u00e9quipes, joueurs\/joueuses,\u00a0accompagnateur-rices devront \u00eatre assur\u00e9s collectivement ou individuellement en cas de blessures, maladies, accidents, d\u00e9g\u00e2ts, pertes, vols etc &#8230; \u00e0 l&rsquo;\u00e9tranger. Cette assurance devra les couvrir contre toute \u00e9ventualit\u00e9 ...\" \/>\n<meta property=\"og:url\" content=\"https:\/\/www.bcns7s.com\/fr\/festival\/assurance\/\" \/>\n<meta property=\"og:site_name\" content=\"Barcelona Sunshine 7s\" \/>\n<meta property=\"article:modified_time\" content=\"2020-09-11T11:52:22+00:00\" \/>\n<meta name=\"twitter:card\" content=\"summary_large_image\" \/>\n<meta name=\"twitter:label1\" content=\"Dur\u00e9e de lecture estim\u00e9e\" \/>\n\t<meta name=\"twitter:data1\" content=\"1 minute\" \/>\n<script type=\"application\/ld+json\" class=\"yoast-schema-graph\">{\"@context\":\"https:\\\/\\\/schema.org\",\"@graph\":[{\"@type\":\"WebPage\",\"@id\":\"https:\\\/\\\/www.bcns7s.com\\\/fr\\\/festival\\\/assurance\\\/\",\"url\":\"https:\\\/\\\/www.bcns7s.com\\\/fr\\\/festival\\\/assurance\\\/\",\"name\":\"Assurance - Barcelona Sunshine 7s\",\"isPartOf\":{\"@id\":\"https:\\\/\\\/www.bcns7s.com\\\/#website\"},\"datePublished\":\"2013-11-05T15:07:13+00:00\",\"dateModified\":\"2020-09-11T11:52:22+00:00\",\"breadcrumb\":{\"@id\":\"https:\\\/\\\/www.bcns7s.com\\\/fr\\\/festival\\\/assurance\\\/#breadcrumb\"},\"inLanguage\":\"fr-FR\",\"potentialAction\":[{\"@type\":\"ReadAction\",\"target\":[\"https:\\\/\\\/www.bcns7s.com\\\/fr\\\/festival\\\/assurance\\\/\"]}]},{\"@type\":\"BreadcrumbList\",\"@id\":\"https:\\\/\\\/www.bcns7s.com\\\/fr\\\/festival\\\/assurance\\\/#breadcrumb\",\"itemListElement\":[{\"@type\":\"ListItem\",\"position\":1,\"name\":\"Home\",\"item\":\"https:\\\/\\\/www.bcns7s.com\\\/fr\\\/\"},{\"@type\":\"ListItem\",\"position\":2,\"name\":\"Festival\",\"item\":\"https:\\\/\\\/www.bcns7s.com\\\/fr\\\/festival\\\/\"},{\"@type\":\"ListItem\",\"position\":3,\"name\":\"Assurance\"}]},{\"@type\":\"WebSite\",\"@id\":\"https:\\\/\\\/www.bcns7s.com\\\/#website\",\"url\":\"https:\\\/\\\/www.bcns7s.com\\\/\",\"name\":\"Barcelona Sunshine 7s\",\"description\":\"\",\"potentialAction\":[{\"@type\":\"SearchAction\",\"target\":{\"@type\":\"EntryPoint\",\"urlTemplate\":\"https:\\\/\\\/www.bcns7s.com\\\/?s={search_term_string}\"},\"query-input\":{\"@type\":\"PropertyValueSpecification\",\"valueRequired\":true,\"valueName\":\"search_term_string\"}}],\"inLanguage\":\"fr-FR\"}]}<\/script>\n<!-- \/ Yoast SEO plugin. -->","yoast_head_json":{"title":"Assurance - Barcelona Sunshine 7s","robots":{"index":"index","follow":"follow","max-snippet":"max-snippet:-1","max-image-preview":"max-image-preview:large","max-video-preview":"max-video-preview:-1"},"canonical":"https:\/\/www.bcns7s.com\/fr\/festival\/assurance\/","og_locale":"fr_FR","og_type":"article","og_title":"Assurance - Barcelona Sunshine 7s","og_description":"Les \u00e9quipes, joueurs\/joueuses,\u00a0accompagnateur-rices devront \u00eatre assur\u00e9s collectivement ou individuellement en cas de blessures, maladies, accidents, d\u00e9g\u00e2ts, pertes, vols etc &#8230; \u00e0 l&rsquo;\u00e9tranger. Cette assurance devra les couvrir contre toute \u00e9ventualit\u00e9 ...","og_url":"https:\/\/www.bcns7s.com\/fr\/festival\/assurance\/","og_site_name":"Barcelona Sunshine 7s","article_modified_time":"2020-09-11T11:52:22+00:00","twitter_card":"summary_large_image","twitter_misc":{"Dur\u00e9e de lecture estim\u00e9e":"1 minute"},"schema":{"@context":"https:\/\/schema.org","@graph":[{"@type":"WebPage","@id":"https:\/\/www.bcns7s.com\/fr\/festival\/assurance\/","url":"https:\/\/www.bcns7s.com\/fr\/festival\/assurance\/","name":"Assurance - Barcelona Sunshine 7s","isPartOf":{"@id":"https:\/\/www.bcns7s.com\/#website"},"datePublished":"2013-11-05T15:07:13+00:00","dateModified":"2020-09-11T11:52:22+00:00","breadcrumb":{"@id":"https:\/\/www.bcns7s.com\/fr\/festival\/assurance\/#breadcrumb"},"inLanguage":"fr-FR","potentialAction":[{"@type":"ReadAction","target":["https:\/\/www.bcns7s.com\/fr\/festival\/assurance\/"]}]},{"@type":"BreadcrumbList","@id":"https:\/\/www.bcns7s.com\/fr\/festival\/assurance\/#breadcrumb","itemListElement":[{"@type":"ListItem","position":1,"name":"Home","item":"https:\/\/www.bcns7s.com\/fr\/"},{"@type":"ListItem","position":2,"name":"Festival","item":"https:\/\/www.bcns7s.com\/fr\/festival\/"},{"@type":"ListItem","position":3,"name":"Assurance"}]},{"@type":"WebSite","@id":"https:\/\/www.bcns7s.com\/#website","url":"https:\/\/www.bcns7s.com\/","name":"Barcelona Sunshine 7s","description":"","potentialAction":[{"@type":"SearchAction","target":{"@type":"EntryPoint","urlTemplate":"https:\/\/www.bcns7s.com\/?s={search_term_string}"},"query-input":{"@type":"PropertyValueSpecification","valueRequired":true,"valueName":"search_term_string"}}],"inLanguage":"fr-FR"}]}},"_links":{"self":[{"href":"https:\/\/www.bcns7s.com\/fr\/wp-json\/wp\/v2\/pages\/479","targetHints":{"allow":["GET"]}}],"collection":[{"href":"https:\/\/www.bcns7s.com\/fr\/wp-json\/wp\/v2\/pages"}],"about":[{"href":"https:\/\/www.bcns7s.com\/fr\/wp-json\/wp\/v2\/types\/page"}],"author":[{"embeddable":true,"href":"https:\/\/www.bcns7s.com\/fr\/wp-json\/wp\/v2\/users\/5666"}],"replies":[{"embeddable":true,"href":"https:\/\/www.bcns7s.com\/fr\/wp-json\/wp\/v2\/comments?post=479"}],"version-history":[{"count":4,"href":"https:\/\/www.bcns7s.com\/fr\/wp-json\/wp\/v2\/pages\/479\/revisions"}],"predecessor-version":[{"id":1607,"href":"https:\/\/www.bcns7s.com\/fr\/wp-json\/wp\/v2\/pages\/479\/revisions\/1607"}],"up":[{"embeddable":true,"href":"https:\/\/www.bcns7s.com\/fr\/wp-json\/wp\/v2\/pages\/644"}],"wp:attachment":[{"href":"https:\/\/www.bcns7s.com\/fr\/wp-json\/wp\/v2\/media?parent=479"}],"curies":[{"name":"wp","href":"https:\/\/api.w.org\/{rel}","templated":true}]}}