{"id":467,"date":"2013-11-05T14:50:48","date_gmt":"2013-11-05T14:50:48","guid":{"rendered":"http:\/\/bcns7s.com\/?page_id=467"},"modified":"2024-10-16T11:58:19","modified_gmt":"2024-10-16T11:58:19","slug":"prix-forfait","status":"publish","type":"page","link":"https:\/\/www.bcns7s.com\/fr\/prix-forfait\/","title":{"rendered":"Prix Forfait"},"content":{"rendered":"<p>Le Forfait du Festival comprend les prestations suivantes:<\/p>\n<p>\u2022 2 Nuit\u00e9es H\u00f4tel*** <strong>Vendredi &amp; Samedi soir<\/strong> avec petit d\u00e9jeuner inclus<br \/>\n\u2022 Transport Bus A\u00e9roport-H\u00f4tel-Locaux Soir\u00e9es<br \/>\n\u2022 Fiesta de bienvenue le <strong>Vendredi soir<\/strong> avec repas, bi\u00e8re &amp; Party d\u00e9guis\u00e9e<br \/>\n\u2022 Frais d\u2019inscription au tournoi<br \/>\n\u2022 Lunch Sandwiches &amp; Boissons <strong>Samedi midi<\/strong><br \/>\n\u2022 Arbitres officiels<br \/>\n\u2022 Packs Eau durant le tournoi <strong>Samedi<\/strong><br \/>\n\u2022 Assistance m\u00e9dicale<br \/>\n\u2022 Animations durant le tournoi<br \/>\n\u2022 C\u00e9r\u00e9monie Troph\u00e9es avec ambiance DJ<br \/>\n\u2022 D\u00eener de Gala avec spectacle <strong>Samedi soir<\/strong><br \/>\n\u2022 Soir\u00e9e dansante <strong>Samedi soir<\/strong><br \/>\n\u2022 Team Photo<br \/>\n\u2022 Tee-Shirt Festival<\/p>\n<p>&nbsp;<\/p>\n<p><strong>Forfait<\/strong><\/p>\n<p>Joueurs\/Joueuses : <strong><em>235 \u20ac par personne<\/em><\/strong><\/p>\n<p>Supporters : <em><strong>219 \u20ac par personne<\/strong><\/em><\/p>\n<p>&nbsp;<\/p>\n<p><strong>Information extra<\/strong><\/p>\n<p>\u2022 <strong>Consommations et encas individuels non inclus dans le forfait<\/strong><br \/>\n\u2022 <strong>1 Nuit\u00e9e + petit d\u00e9jeuner<\/strong> suppl\u00e9mentaire : <strong>39 \u20ac par personne<\/strong><br \/>\n\u2022 <strong>Chambres individuelles<\/strong> avec suppl\u00e9ment<br \/>\n\u2022 Tee-Shirt suppl\u00e9mentaire 10 \u20ac<br \/>\n\u2022 Forfait Supporter n&rsquo;inclut pas le <strong>lunch de samedi<\/strong><br \/>\n\u2022 Toutes les \u00e9quipes sont log\u00e9es dans les H\u00f4tels accr\u00e9dit\u00e9s du Festival pour optimiser au mieux la logistique<br \/>\n\u2022 Les participant(e)s qui voyagent <strong>individuellement<\/strong> et <strong>s\u00e9par\u00e9ment<\/strong> du reste de l&rsquo;\u00e9quipe devront se rendre par leurs propres moyens au QG du Festival si aucune navette bus depuis l&rsquo;a\u00e9roport n&rsquo;est programm\u00e9e \u00e0 leur arriv\u00e9e<\/p>\n","protected":false},"excerpt":{"rendered":"<p>Le Forfait du Festival comprend les prestations suivantes: \u2022 2 Nuit\u00e9es H\u00f4tel*** Vendredi &amp; Samedi soir avec petit d\u00e9jeuner inclus \u2022 Transport Bus A\u00e9roport-H\u00f4tel-Locaux Soir\u00e9es \u2022 Fiesta de bienvenue le &#8230;<\/p>\n","protected":false},"author":5666,"featured_media":0,"parent":0,"menu_order":0,"comment_status":"closed","ping_status":"closed","template":"","meta":{"footnotes":""},"class_list":["post-467","page","type-page","status-publish","hentry"],"yoast_head":"<!-- This site is optimized with the Yoast SEO plugin v27.4 - https:\/\/yoast.com\/product\/yoast-seo-wordpress\/ -->\n<title>Prix Forfait - Barcelona Sunshine 7s<\/title>\n<meta name=\"robots\" content=\"index, follow, max-snippet:-1, max-image-preview:large, max-video-preview:-1\" \/>\n<link rel=\"canonical\" href=\"https:\/\/www.bcns7s.com\/fr\/prix-forfait\/\" \/>\n<meta property=\"og:locale\" content=\"fr_FR\" \/>\n<meta property=\"og:type\" content=\"article\" \/>\n<meta property=\"og:title\" content=\"Prix Forfait - Barcelona Sunshine 7s\" \/>\n<meta property=\"og:description\" content=\"Le Forfait du Festival comprend les prestations suivantes: \u2022 2 Nuit\u00e9es H\u00f4tel*** Vendredi &amp; Samedi soir avec petit d\u00e9jeuner inclus \u2022 Transport Bus A\u00e9roport-H\u00f4tel-Locaux Soir\u00e9es \u2022 Fiesta de bienvenue le ...\" \/>\n<meta property=\"og:url\" content=\"https:\/\/www.bcns7s.com\/fr\/prix-forfait\/\" \/>\n<meta property=\"og:site_name\" content=\"Barcelona Sunshine 7s\" \/>\n<meta property=\"article:modified_time\" content=\"2024-10-16T11:58:19+00:00\" \/>\n<meta name=\"twitter:card\" content=\"summary_large_image\" \/>\n<meta name=\"twitter:label1\" content=\"Dur\u00e9e de lecture estim\u00e9e\" \/>\n\t<meta name=\"twitter:data1\" content=\"1 minute\" \/>\n<script type=\"application\/ld+json\" class=\"yoast-schema-graph\">{\"@context\":\"https:\\\/\\\/schema.org\",\"@graph\":[{\"@type\":\"WebPage\",\"@id\":\"https:\\\/\\\/www.bcns7s.com\\\/fr\\\/prix-forfait\\\/\",\"url\":\"https:\\\/\\\/www.bcns7s.com\\\/fr\\\/prix-forfait\\\/\",\"name\":\"Prix Forfait - Barcelona Sunshine 7s\",\"isPartOf\":{\"@id\":\"https:\\\/\\\/www.bcns7s.com\\\/#website\"},\"datePublished\":\"2013-11-05T14:50:48+00:00\",\"dateModified\":\"2024-10-16T11:58:19+00:00\",\"breadcrumb\":{\"@id\":\"https:\\\/\\\/www.bcns7s.com\\\/fr\\\/prix-forfait\\\/#breadcrumb\"},\"inLanguage\":\"fr-FR\",\"potentialAction\":[{\"@type\":\"ReadAction\",\"target\":[\"https:\\\/\\\/www.bcns7s.com\\\/fr\\\/prix-forfait\\\/\"]}]},{\"@type\":\"BreadcrumbList\",\"@id\":\"https:\\\/\\\/www.bcns7s.com\\\/fr\\\/prix-forfait\\\/#breadcrumb\",\"itemListElement\":[{\"@type\":\"ListItem\",\"position\":1,\"name\":\"Home\",\"item\":\"https:\\\/\\\/www.bcns7s.com\\\/fr\\\/\"},{\"@type\":\"ListItem\",\"position\":2,\"name\":\"Prix Forfait\"}]},{\"@type\":\"WebSite\",\"@id\":\"https:\\\/\\\/www.bcns7s.com\\\/#website\",\"url\":\"https:\\\/\\\/www.bcns7s.com\\\/\",\"name\":\"Barcelona Sunshine 7s\",\"description\":\"\",\"potentialAction\":[{\"@type\":\"SearchAction\",\"target\":{\"@type\":\"EntryPoint\",\"urlTemplate\":\"https:\\\/\\\/www.bcns7s.com\\\/?s={search_term_string}\"},\"query-input\":{\"@type\":\"PropertyValueSpecification\",\"valueRequired\":true,\"valueName\":\"search_term_string\"}}],\"inLanguage\":\"fr-FR\"}]}<\/script>\n<!-- \/ Yoast SEO plugin. -->","yoast_head_json":{"title":"Prix Forfait - Barcelona Sunshine 7s","robots":{"index":"index","follow":"follow","max-snippet":"max-snippet:-1","max-image-preview":"max-image-preview:large","max-video-preview":"max-video-preview:-1"},"canonical":"https:\/\/www.bcns7s.com\/fr\/prix-forfait\/","og_locale":"fr_FR","og_type":"article","og_title":"Prix Forfait - Barcelona Sunshine 7s","og_description":"Le Forfait du Festival comprend les prestations suivantes: \u2022 2 Nuit\u00e9es H\u00f4tel*** Vendredi &amp; Samedi soir avec petit d\u00e9jeuner inclus \u2022 Transport Bus A\u00e9roport-H\u00f4tel-Locaux Soir\u00e9es \u2022 Fiesta de bienvenue le ...","og_url":"https:\/\/www.bcns7s.com\/fr\/prix-forfait\/","og_site_name":"Barcelona Sunshine 7s","article_modified_time":"2024-10-16T11:58:19+00:00","twitter_card":"summary_large_image","twitter_misc":{"Dur\u00e9e de lecture estim\u00e9e":"1 minute"},"schema":{"@context":"https:\/\/schema.org","@graph":[{"@type":"WebPage","@id":"https:\/\/www.bcns7s.com\/fr\/prix-forfait\/","url":"https:\/\/www.bcns7s.com\/fr\/prix-forfait\/","name":"Prix Forfait - Barcelona Sunshine 7s","isPartOf":{"@id":"https:\/\/www.bcns7s.com\/#website"},"datePublished":"2013-11-05T14:50:48+00:00","dateModified":"2024-10-16T11:58:19+00:00","breadcrumb":{"@id":"https:\/\/www.bcns7s.com\/fr\/prix-forfait\/#breadcrumb"},"inLanguage":"fr-FR","potentialAction":[{"@type":"ReadAction","target":["https:\/\/www.bcns7s.com\/fr\/prix-forfait\/"]}]},{"@type":"BreadcrumbList","@id":"https:\/\/www.bcns7s.com\/fr\/prix-forfait\/#breadcrumb","itemListElement":[{"@type":"ListItem","position":1,"name":"Home","item":"https:\/\/www.bcns7s.com\/fr\/"},{"@type":"ListItem","position":2,"name":"Prix Forfait"}]},{"@type":"WebSite","@id":"https:\/\/www.bcns7s.com\/#website","url":"https:\/\/www.bcns7s.com\/","name":"Barcelona Sunshine 7s","description":"","potentialAction":[{"@type":"SearchAction","target":{"@type":"EntryPoint","urlTemplate":"https:\/\/www.bcns7s.com\/?s={search_term_string}"},"query-input":{"@type":"PropertyValueSpecification","valueRequired":true,"valueName":"search_term_string"}}],"inLanguage":"fr-FR"}]}},"_links":{"self":[{"href":"https:\/\/www.bcns7s.com\/fr\/wp-json\/wp\/v2\/pages\/467","targetHints":{"allow":["GET"]}}],"collection":[{"href":"https:\/\/www.bcns7s.com\/fr\/wp-json\/wp\/v2\/pages"}],"about":[{"href":"https:\/\/www.bcns7s.com\/fr\/wp-json\/wp\/v2\/types\/page"}],"author":[{"embeddable":true,"href":"https:\/\/www.bcns7s.com\/fr\/wp-json\/wp\/v2\/users\/5666"}],"replies":[{"embeddable":true,"href":"https:\/\/www.bcns7s.com\/fr\/wp-json\/wp\/v2\/comments?post=467"}],"version-history":[{"count":34,"href":"https:\/\/www.bcns7s.com\/fr\/wp-json\/wp\/v2\/pages\/467\/revisions"}],"predecessor-version":[{"id":2874,"href":"https:\/\/www.bcns7s.com\/fr\/wp-json\/wp\/v2\/pages\/467\/revisions\/2874"}],"wp:attachment":[{"href":"https:\/\/www.bcns7s.com\/fr\/wp-json\/wp\/v2\/media?parent=467"}],"curies":[{"name":"wp","href":"https:\/\/api.w.org\/{rel}","templated":true}]}}