{"id":551,"date":"2013-11-05T19:16:15","date_gmt":"2013-11-05T19:16:15","guid":{"rendered":"http:\/\/bcns7s.com\/?page_id=551"},"modified":"2021-10-14T17:29:36","modified_gmt":"2021-10-14T17:29:36","slug":"inforeglamento","status":"publish","type":"page","link":"https:\/\/www.bcns7s.com\/es\/rugby\/inforeglamento\/","title":{"rendered":"Info &#038; Reglamento"},"content":{"rendered":"<p>Como un fan de rugby podr\u00eda perderse la oportunidad de jugar a un rugby Seven en la Costa Brava ?<br \/>\nEl torneo de Rugby Sevens de Barcelona es un torneo <strong>con placajes<\/strong>, abierto a jugadores y jugadoras de +18 a\u00f1os.<br \/>\nRe\u00fane muchos equipos europeos con calidad rugbistica homog\u00e9nea y demostrada.<\/p>\n<p>A petici\u00f3n de muchos jugadores y jugadoras que querian jugar al Rugby Seven <strong>sin placar<\/strong>, hemos recientemente creado una nueva categor\u00eda : <strong>Touch Rugby<\/strong> abierta a todo p\u00fablico.<\/p>\n<h2>Reglamento Competici\u00f3n Rugby Sevens<\/h2>\n<p>Las reglas del torneo de beach rugby est\u00e1n sometidas al reglamento oficial de la World Rugby con las modificaciones siguientes.<br \/>\n<strong>Recordatorio\u00a0: Se juega con\u00a0placages.<\/strong><\/p>\n<p><strong>1.- Equipos<\/strong><\/p>\n<p>En el campo habr\u00e1 un m\u00e1ximo de\u00a0<strong>7 jugadores\u00a0por equipo<\/strong>\u00a0y los cambios de jugadores\/jugadoras, ilimitados,\u00a0podr\u00e1n intervenir en cualquier momento del partido siempre cuando la pelota est\u00e9 parada.<strong>\u00a0<\/strong><\/p>\n<p><strong>\u00a0<\/strong><strong>2.-\u00a0Seguro<\/strong><\/p>\n<p>Es obligatorio que cada jugador o jugadora tenga ficha federativa y\/o mutua para estar cubierto en caso de lesiones.<\/p>\n<p><strong>3.-\u00a0Mesa de Marca<\/strong><\/p>\n<p>En todas las categor\u00edas, la Mesa de Marca ser\u00e1 la \u00fanica responsable de pitar el inicio y el final de los partidos.\u00a0Una vez marcado el final del encuentro, el \u00e1rbitro pitar\u00e1 el mismo el final cuando el juego este parado.\u00a0El director del torneo est\u00e1 autorizado a expulsar cualquier equipo que no respete las reglas de decencia o de\u00a0comportamiento c\u00edvico y \u00e9tico.<\/p>\n<p><strong>4.-\u00a0Campos<\/strong><\/p>\n<p>Las dimensiones de los campos son las de un campo de Rugby XV.<\/p>\n<p><strong>5.-\u00a0Equipamiento deportivo<\/strong><\/p>\n<p>Los jugadores\/jugadoras de cada equipo deben de llevar la ropa vestimentaria reglamentaria con camisetas de\u00a0rugby, pantalones y calcetines de rugby. Est\u00e1 formalmente\u00a0<strong>prohibido jugar con tacos de aluminio <\/strong>o<strong> met\u00e1licos<\/strong> en los campos.<\/p>\n<p><strong>6.-\u00a0Tiempo\u00a0de partido<\/strong><\/p>\n<p>El partido durar\u00e1 14 minutos con\u00a0<strong>2 partes de 7 minutos cada una<\/strong>.\u00a0El descanso nunca superar\u00e1 el minuto de tiempo.<br \/>\nEl \u00e1rbitro puede prolongar el partido si hay una o varias interrupciones de juego debidas a una lesi\u00f3n o\u00a0cualquier incidente durante el partido.<\/p>\n<p><strong>7.-\u00a0Saque inicial<\/strong><\/p>\n<p>El jugador quien saca la pelota debe efectuar el saque con un drop-goal. El adversario debe de estar a unos\u00a05 metros reglamentarios. Si la pelota cruza la l\u00ednea de ensayo directamente o indirectamente, un golpe de castigo en la\u00a0l\u00ednea mediana sancionar\u00e1 la falta.<br \/>\nDespu\u00e9s de un ensayo convertido o no,\u00a0<strong>el equipo que ha marcado deber\u00e1 de efectuar el saque desde la\u00a0<\/strong><strong>l\u00ednea mediana<\/strong>.<\/p>\n<p><strong>8.-\u00a0Mel\u00e9<\/strong><\/p>\n<p>La mel\u00e9 est\u00e1 formada por 3 delanteros, el talonador se une con los piliers posando sus brazos sobre sus hombros.\u00a0La mel\u00e9\u00a0se\u00a0formar\u00e1 a unos 5 metros de la l\u00ednea de ensayo. El medio mel\u00e9 que no introduce debe de encontrarse detr\u00e1s de\u00a0la mel\u00e9.<br \/>\n<strong>Se empuja la mel\u00e9 salvo en la categor\u00eda veteranos<\/strong><strong>.<\/strong><strong>\u00a0<\/strong><\/p>\n<p><strong>9.-\u00a0Saque lateral<\/strong><\/p>\n<p>Cada alineaci\u00f3n esta compuesta del lanzador, de 2 saltadores y del medio mel\u00e9. El medio mel\u00e9 puede saltar en la touch\u00a0o\u00a0ayudar a saltar.\u00a0El saque lateral se realizar\u00e1 a 5 metros m\u00ednimo de la l\u00ednea de ensayo.\u00a0<\/p>\n<p><strong>10.-\u00a0Juego en el suelo<\/strong><\/p>\n<p>Despu\u00e9s de un placaje, cuando un maul se derrumbe o en cualquier situaci\u00f3n en la que el jugador se va al suelo con la\u00a0pelota,\u00a0<strong>la pelota debe de ser liberada inmediatamente<\/strong>\u00a0. El \u00e1rbitro ser\u00e1 muy estricto en cuanto al respeto de esta regla.\u00a0En caso de falta, un golpe de castigo se pitar\u00e1 en el lugar de la falta a favor del equipo no culpable.<\/p>\n<p><strong>11.-\u00a0Juego al pie<\/strong><\/p>\n<p><strong>El juego al pie frontal o lateral est\u00e1 autorizado<\/strong>. Si la pelota sale directamente o indirectamente en touch, un golpe\u00a0de castigo se pitar\u00e1 en el lugar donde se ha pateado la pelota.<\/p>\n<p><strong>12.-\u00a0Fuera de Juego<\/strong><\/p>\n<p>La l\u00ednea de fuera de juego se situar\u00e1 a una distancia minima de 10 metros para cualquier saque inicial, golpe franco o golpe\u00a0de castigo.<\/p>\n<p><strong>13.-\u00a0Golpe franco y golpe de castigo<\/strong><\/p>\n<p>El golpe franco debe de jugarse obligatoriamente a la\u00a0<strong>mano<\/strong> y el golpe de castigo puede jugarse a la\u00a0<strong>mano<\/strong> o con el <strong>pie<\/strong>.<\/p>\n<p><strong>14.-\u00a0Sanci\u00f3n<\/strong><\/p>\n<p>Un jugador sancionado con una\u00a0<strong>tarjeta amarilla<\/strong>\u00a0deber\u00e1 de salir del campo y no podr\u00e1 jugar el resto del partido pero\u00a0podr\u00e1 jugar en los partidos siguientes.\u00a0Con un jugador menos durante el partido, el equipo sancionado deber\u00e1 de esperar\u00a0unos 2 minutos reglamentarios antes de poder sustituir el jugador avisado con uno de sus suplentes.\u00a0Un jugador sancionado por una\u00a0<strong>tarjeta roja<\/strong><strong>\u00a0<\/strong>deber\u00e1 de salir inmediatamente del campo y su equipo jugar\u00e1 con\u00a01 jugador menos hasta el final del partido<strong>.<\/strong>\u00a0Un jugador expulsado no podr\u00e1 seguir en el torneo.<strong>\u00a0<\/strong><\/p>\n<p><strong><strong>15.-\u00a0En caso de empate<\/strong><\/strong><\/p>\n<p>Si, al final del tiempo reglamentario, el partido termina con empate, procederemos as\u00ed para desempatar los equipos:<\/p>\n<p>a. Serie de 3 enfrentamientos de\u00a0<strong>1 contra 1\u00a0<\/strong>por equipo.<\/p>\n<p>El jugador atacante se colocar\u00e1 en la l\u00ednea mediana y\u00a0el defensa en la l\u00ednea de ensayo.<br \/>\nSi el jugador atacante est\u00e1 placado, tocando la arena con una de sus rodillas o\u00a0con el cuerpo, el equipo que ataca no marca.<br \/>\nA la inversa, si el jugador atacante marca el ensayo sin estar placado, el equipo atacante marca 1 punto.<br \/>\nEl equipo atacante pasa entonces a defender y as\u00ed hasta el final de los 3 enfrentamientos por equipo.<br \/>\nLos capitanes de cada equipo deben designar al inicio de la prueba, 3 jugadores atacantes y 3 jugadores defensas.<br \/>\n<strong>Un jugador atacante no podr\u00e1 defender, viceversa.<\/strong><\/p>\n<p>b. Si al final de los 3 enfrentamientos, perdura el empate, se desempataran los equipos por muerte s\u00fabita.<\/p>\n<p><strong>16.-\u00a0Puntos<\/strong><\/p>\n<p><em><strong>para los partidos<\/strong><\/em>\u00a0:\u00a0Ensayo: 5 puntos \/ Transformaci\u00f3n: 2 puntos<br \/>\n<strong><em>para la liga<\/em><\/strong>\u00a0: Victoria: 4 puntos \/ Empate: 2 puntos \/ Derrota: 0 puntos<\/p>\n<p><strong>No habr\u00e1n puntos Bonus<\/strong><\/p>\n","protected":false},"excerpt":{"rendered":"<p>Como un fan de rugby podr\u00eda perderse la oportunidad de jugar a un rugby Seven en la Costa Brava ? El torneo de Rugby Sevens de Barcelona es un torneo &#8230;<\/p>\n","protected":false},"author":5666,"featured_media":0,"parent":657,"menu_order":0,"comment_status":"closed","ping_status":"closed","template":"","meta":{"footnotes":""},"class_list":["post-551","page","type-page","status-publish","hentry"],"yoast_head":"<!-- This site is optimized with the Yoast SEO plugin v27.4 - https:\/\/yoast.com\/product\/yoast-seo-wordpress\/ -->\n<title>Info &amp; Reglamento - Barcelona Sunshine 7s<\/title>\n<meta name=\"robots\" content=\"index, follow, max-snippet:-1, max-image-preview:large, max-video-preview:-1\" \/>\n<link rel=\"canonical\" href=\"https:\/\/www.bcns7s.com\/es\/rugby\/inforeglamento\/\" \/>\n<meta property=\"og:locale\" content=\"es_ES\" \/>\n<meta property=\"og:type\" content=\"article\" \/>\n<meta property=\"og:title\" content=\"Info &amp; Reglamento - Barcelona Sunshine 7s\" \/>\n<meta property=\"og:description\" content=\"Como un fan de rugby podr\u00eda perderse la oportunidad de jugar a un rugby Seven en la Costa Brava ? El torneo de Rugby Sevens de Barcelona es un torneo ...\" \/>\n<meta property=\"og:url\" content=\"https:\/\/www.bcns7s.com\/es\/rugby\/inforeglamento\/\" \/>\n<meta property=\"og:site_name\" content=\"Barcelona Sunshine 7s\" \/>\n<meta property=\"article:modified_time\" content=\"2021-10-14T17:29:36+00:00\" \/>\n<meta name=\"twitter:card\" content=\"summary_large_image\" \/>\n<meta name=\"twitter:label1\" content=\"Tiempo de lectura\" \/>\n\t<meta name=\"twitter:data1\" content=\"5 minutos\" \/>\n<script type=\"application\/ld+json\" class=\"yoast-schema-graph\">{\"@context\":\"https:\\\/\\\/schema.org\",\"@graph\":[{\"@type\":\"WebPage\",\"@id\":\"https:\\\/\\\/www.bcns7s.com\\\/es\\\/rugby\\\/inforeglamento\\\/\",\"url\":\"https:\\\/\\\/www.bcns7s.com\\\/es\\\/rugby\\\/inforeglamento\\\/\",\"name\":\"Info & Reglamento - Barcelona Sunshine 7s\",\"isPartOf\":{\"@id\":\"https:\\\/\\\/www.bcns7s.com\\\/#website\"},\"datePublished\":\"2013-11-05T19:16:15+00:00\",\"dateModified\":\"2021-10-14T17:29:36+00:00\",\"breadcrumb\":{\"@id\":\"https:\\\/\\\/www.bcns7s.com\\\/es\\\/rugby\\\/inforeglamento\\\/#breadcrumb\"},\"inLanguage\":\"es\",\"potentialAction\":[{\"@type\":\"ReadAction\",\"target\":[\"https:\\\/\\\/www.bcns7s.com\\\/es\\\/rugby\\\/inforeglamento\\\/\"]}]},{\"@type\":\"BreadcrumbList\",\"@id\":\"https:\\\/\\\/www.bcns7s.com\\\/es\\\/rugby\\\/inforeglamento\\\/#breadcrumb\",\"itemListElement\":[{\"@type\":\"ListItem\",\"position\":1,\"name\":\"Home\",\"item\":\"https:\\\/\\\/www.bcns7s.com\\\/es\\\/\"},{\"@type\":\"ListItem\",\"position\":2,\"name\":\"Rugby\",\"item\":\"https:\\\/\\\/www.bcns7s.com\\\/es\\\/rugby\\\/\"},{\"@type\":\"ListItem\",\"position\":3,\"name\":\"Info &#038; Reglamento\"}]},{\"@type\":\"WebSite\",\"@id\":\"https:\\\/\\\/www.bcns7s.com\\\/#website\",\"url\":\"https:\\\/\\\/www.bcns7s.com\\\/\",\"name\":\"Barcelona Sunshine 7s\",\"description\":\"\",\"potentialAction\":[{\"@type\":\"SearchAction\",\"target\":{\"@type\":\"EntryPoint\",\"urlTemplate\":\"https:\\\/\\\/www.bcns7s.com\\\/?s={search_term_string}\"},\"query-input\":{\"@type\":\"PropertyValueSpecification\",\"valueRequired\":true,\"valueName\":\"search_term_string\"}}],\"inLanguage\":\"es\"}]}<\/script>\n<!-- \/ Yoast SEO plugin. -->","yoast_head_json":{"title":"Info & Reglamento - Barcelona Sunshine 7s","robots":{"index":"index","follow":"follow","max-snippet":"max-snippet:-1","max-image-preview":"max-image-preview:large","max-video-preview":"max-video-preview:-1"},"canonical":"https:\/\/www.bcns7s.com\/es\/rugby\/inforeglamento\/","og_locale":"es_ES","og_type":"article","og_title":"Info & Reglamento - Barcelona Sunshine 7s","og_description":"Como un fan de rugby podr\u00eda perderse la oportunidad de jugar a un rugby Seven en la Costa Brava ? El torneo de Rugby Sevens de Barcelona es un torneo ...","og_url":"https:\/\/www.bcns7s.com\/es\/rugby\/inforeglamento\/","og_site_name":"Barcelona Sunshine 7s","article_modified_time":"2021-10-14T17:29:36+00:00","twitter_card":"summary_large_image","twitter_misc":{"Tiempo de lectura":"5 minutos"},"schema":{"@context":"https:\/\/schema.org","@graph":[{"@type":"WebPage","@id":"https:\/\/www.bcns7s.com\/es\/rugby\/inforeglamento\/","url":"https:\/\/www.bcns7s.com\/es\/rugby\/inforeglamento\/","name":"Info & Reglamento - Barcelona Sunshine 7s","isPartOf":{"@id":"https:\/\/www.bcns7s.com\/#website"},"datePublished":"2013-11-05T19:16:15+00:00","dateModified":"2021-10-14T17:29:36+00:00","breadcrumb":{"@id":"https:\/\/www.bcns7s.com\/es\/rugby\/inforeglamento\/#breadcrumb"},"inLanguage":"es","potentialAction":[{"@type":"ReadAction","target":["https:\/\/www.bcns7s.com\/es\/rugby\/inforeglamento\/"]}]},{"@type":"BreadcrumbList","@id":"https:\/\/www.bcns7s.com\/es\/rugby\/inforeglamento\/#breadcrumb","itemListElement":[{"@type":"ListItem","position":1,"name":"Home","item":"https:\/\/www.bcns7s.com\/es\/"},{"@type":"ListItem","position":2,"name":"Rugby","item":"https:\/\/www.bcns7s.com\/es\/rugby\/"},{"@type":"ListItem","position":3,"name":"Info &#038; Reglamento"}]},{"@type":"WebSite","@id":"https:\/\/www.bcns7s.com\/#website","url":"https:\/\/www.bcns7s.com\/","name":"Barcelona Sunshine 7s","description":"","potentialAction":[{"@type":"SearchAction","target":{"@type":"EntryPoint","urlTemplate":"https:\/\/www.bcns7s.com\/?s={search_term_string}"},"query-input":{"@type":"PropertyValueSpecification","valueRequired":true,"valueName":"search_term_string"}}],"inLanguage":"es"}]}},"_links":{"self":[{"href":"https:\/\/www.bcns7s.com\/es\/wp-json\/wp\/v2\/pages\/551","targetHints":{"allow":["GET"]}}],"collection":[{"href":"https:\/\/www.bcns7s.com\/es\/wp-json\/wp\/v2\/pages"}],"about":[{"href":"https:\/\/www.bcns7s.com\/es\/wp-json\/wp\/v2\/types\/page"}],"author":[{"embeddable":true,"href":"https:\/\/www.bcns7s.com\/es\/wp-json\/wp\/v2\/users\/5666"}],"replies":[{"embeddable":true,"href":"https:\/\/www.bcns7s.com\/es\/wp-json\/wp\/v2\/comments?post=551"}],"version-history":[{"count":13,"href":"https:\/\/www.bcns7s.com\/es\/wp-json\/wp\/v2\/pages\/551\/revisions"}],"predecessor-version":[{"id":2656,"href":"https:\/\/www.bcns7s.com\/es\/wp-json\/wp\/v2\/pages\/551\/revisions\/2656"}],"up":[{"embeddable":true,"href":"https:\/\/www.bcns7s.com\/es\/wp-json\/wp\/v2\/pages\/657"}],"wp:attachment":[{"href":"https:\/\/www.bcns7s.com\/es\/wp-json\/wp\/v2\/media?parent=551"}],"curies":[{"name":"wp","href":"https:\/\/api.w.org\/{rel}","templated":true}]}}