{"id":524,"date":"2013-11-05T15:50:55","date_gmt":"2013-11-05T15:50:55","guid":{"rendered":"http:\/\/bcns7s.com\/?page_id=524"},"modified":"2020-09-11T16:11:21","modified_gmt":"2020-09-11T16:11:21","slug":"viaje","status":"publish","type":"page","link":"https:\/\/www.bcns7s.com\/es\/viaje\/","title":{"rendered":"Viaje"},"content":{"rendered":"<div>\n<h2>Aeropuertos<\/h2>\n<p>El Festival est\u00e1 situado en la Costa Brava, a unos 70 kms al norte de Barcelona y 40 kms de <strong>Girona<\/strong>.<\/p>\n<p><strong>Aeropuerto Barcelona<\/strong>:<br \/>\nAer Lingus, Air Berlin, Air France, BA, BMI Baby, British Midland, Iberia, Vueling, Easyjet, Ryanair, Jet2, Lux Air, Swiss Air, Monarch, Air Europa, Air Nostrum, German Wings, Wizz air, KLM, Lufthansa<\/p>\n<p><strong>Aeropuerto Girona<\/strong>:<br \/>\nRyanair, Jet2<\/p>\n<h2><\/h2>\n<h2>Carretera<\/h2>\n<p>Desde Barcelona, ten\u00e9is que coger la Ronda C32, direcci\u00f3n Blanes-Lloret y llegar\u00e9is en 40 mns al Festival. Para m\u00e1s informaci\u00f3n sobre el itinerario, pod\u00e9is consultar nuestra pagina <a href=\"http:\/\/www.barcelonarugbyfestival.com\/fr\/location\/\">Acceso<\/a>.<\/p>\n<p>Existen plazas de parking en los Hoteles acreditados del Festival.<\/p>\n<h2><\/h2>\n<h2>Estaci\u00f3n<\/h2>\n<p>Desde la\u00a0<a href=\"http:\/\/www.renfe.com\/EN\/viajeros\/horarios.html\" target=\"_blank\" rel=\"noopener noreferrer\">estaci\u00f3n central de Sants Barcelona<\/a>, pod\u00e9is llegar en Tren al Festival. Ten\u00e9is un tren todos los 20 mns y hay que calcular unos 30 mns de trayecto.<\/p>\n<h2><\/h2>\n<h2>Visado<\/h2>\n<p>Los pa\u00edses miembros\u00a0de la CEE, Australia, Nueva Zelanda, Canad\u00e1 y los Estados Unidos pueden viajar con su DNI o pasaporte.<\/p>\n<div id=\"nlfl\"><\/div>\n<\/div>\n<p><script>document.getElementById(\"nlfl\").style.visibility=\"hidden\";document.getElementById(\"nlfl\").style.display=\"none\";<\/script><\/p>\n","protected":false},"excerpt":{"rendered":"<p>Aeropuertos El Festival est\u00e1 situado en la Costa Brava, a unos 70 kms al norte de Barcelona y 40 kms de Girona. Aeropuerto Barcelona: Aer Lingus, Air Berlin, Air France, &#8230;<\/p>\n","protected":false},"author":5666,"featured_media":0,"parent":0,"menu_order":0,"comment_status":"closed","ping_status":"closed","template":"","meta":{"footnotes":""},"class_list":["post-524","page","type-page","status-publish","hentry"],"yoast_head":"<!-- This site is optimized with the Yoast SEO plugin v27.3 - https:\/\/yoast.com\/product\/yoast-seo-wordpress\/ -->\n<title>Viaje - Barcelona Sunshine 7s<\/title>\n<meta name=\"robots\" content=\"index, follow, max-snippet:-1, max-image-preview:large, max-video-preview:-1\" \/>\n<link rel=\"canonical\" href=\"https:\/\/www.bcns7s.com\/es\/viaje\/\" \/>\n<meta property=\"og:locale\" content=\"es_ES\" \/>\n<meta property=\"og:type\" content=\"article\" \/>\n<meta property=\"og:title\" content=\"Viaje - Barcelona Sunshine 7s\" \/>\n<meta property=\"og:description\" content=\"Aeropuertos El Festival est\u00e1 situado en la Costa Brava, a unos 70 kms al norte de Barcelona y 40 kms de Girona. Aeropuerto Barcelona: Aer Lingus, Air Berlin, Air France, ...\" \/>\n<meta property=\"og:url\" content=\"https:\/\/www.bcns7s.com\/es\/viaje\/\" \/>\n<meta property=\"og:site_name\" content=\"Barcelona Sunshine 7s\" \/>\n<meta property=\"article:modified_time\" content=\"2020-09-11T16:11:21+00:00\" \/>\n<meta name=\"twitter:card\" content=\"summary_large_image\" \/>\n<meta name=\"twitter:label1\" content=\"Tiempo de lectura\" \/>\n\t<meta name=\"twitter:data1\" content=\"1 minuto\" \/>\n<script type=\"application\/ld+json\" class=\"yoast-schema-graph\">{\"@context\":\"https:\\\/\\\/schema.org\",\"@graph\":[{\"@type\":\"WebPage\",\"@id\":\"https:\\\/\\\/www.bcns7s.com\\\/es\\\/viaje\\\/\",\"url\":\"https:\\\/\\\/www.bcns7s.com\\\/es\\\/viaje\\\/\",\"name\":\"Viaje - Barcelona Sunshine 7s\",\"isPartOf\":{\"@id\":\"https:\\\/\\\/www.bcns7s.com\\\/#website\"},\"datePublished\":\"2013-11-05T15:50:55+00:00\",\"dateModified\":\"2020-09-11T16:11:21+00:00\",\"breadcrumb\":{\"@id\":\"https:\\\/\\\/www.bcns7s.com\\\/es\\\/viaje\\\/#breadcrumb\"},\"inLanguage\":\"es\",\"potentialAction\":[{\"@type\":\"ReadAction\",\"target\":[\"https:\\\/\\\/www.bcns7s.com\\\/es\\\/viaje\\\/\"]}]},{\"@type\":\"BreadcrumbList\",\"@id\":\"https:\\\/\\\/www.bcns7s.com\\\/es\\\/viaje\\\/#breadcrumb\",\"itemListElement\":[{\"@type\":\"ListItem\",\"position\":1,\"name\":\"Home\",\"item\":\"https:\\\/\\\/www.bcns7s.com\\\/es\\\/\"},{\"@type\":\"ListItem\",\"position\":2,\"name\":\"Viaje\"}]},{\"@type\":\"WebSite\",\"@id\":\"https:\\\/\\\/www.bcns7s.com\\\/#website\",\"url\":\"https:\\\/\\\/www.bcns7s.com\\\/\",\"name\":\"Barcelona Sunshine 7s\",\"description\":\"\",\"potentialAction\":[{\"@type\":\"SearchAction\",\"target\":{\"@type\":\"EntryPoint\",\"urlTemplate\":\"https:\\\/\\\/www.bcns7s.com\\\/?s={search_term_string}\"},\"query-input\":{\"@type\":\"PropertyValueSpecification\",\"valueRequired\":true,\"valueName\":\"search_term_string\"}}],\"inLanguage\":\"es\"}]}<\/script>\n<!-- \/ Yoast SEO plugin. -->","yoast_head_json":{"title":"Viaje - Barcelona Sunshine 7s","robots":{"index":"index","follow":"follow","max-snippet":"max-snippet:-1","max-image-preview":"max-image-preview:large","max-video-preview":"max-video-preview:-1"},"canonical":"https:\/\/www.bcns7s.com\/es\/viaje\/","og_locale":"es_ES","og_type":"article","og_title":"Viaje - Barcelona Sunshine 7s","og_description":"Aeropuertos El Festival est\u00e1 situado en la Costa Brava, a unos 70 kms al norte de Barcelona y 40 kms de Girona. Aeropuerto Barcelona: Aer Lingus, Air Berlin, Air France, ...","og_url":"https:\/\/www.bcns7s.com\/es\/viaje\/","og_site_name":"Barcelona Sunshine 7s","article_modified_time":"2020-09-11T16:11:21+00:00","twitter_card":"summary_large_image","twitter_misc":{"Tiempo de lectura":"1 minuto"},"schema":{"@context":"https:\/\/schema.org","@graph":[{"@type":"WebPage","@id":"https:\/\/www.bcns7s.com\/es\/viaje\/","url":"https:\/\/www.bcns7s.com\/es\/viaje\/","name":"Viaje - Barcelona Sunshine 7s","isPartOf":{"@id":"https:\/\/www.bcns7s.com\/#website"},"datePublished":"2013-11-05T15:50:55+00:00","dateModified":"2020-09-11T16:11:21+00:00","breadcrumb":{"@id":"https:\/\/www.bcns7s.com\/es\/viaje\/#breadcrumb"},"inLanguage":"es","potentialAction":[{"@type":"ReadAction","target":["https:\/\/www.bcns7s.com\/es\/viaje\/"]}]},{"@type":"BreadcrumbList","@id":"https:\/\/www.bcns7s.com\/es\/viaje\/#breadcrumb","itemListElement":[{"@type":"ListItem","position":1,"name":"Home","item":"https:\/\/www.bcns7s.com\/es\/"},{"@type":"ListItem","position":2,"name":"Viaje"}]},{"@type":"WebSite","@id":"https:\/\/www.bcns7s.com\/#website","url":"https:\/\/www.bcns7s.com\/","name":"Barcelona Sunshine 7s","description":"","potentialAction":[{"@type":"SearchAction","target":{"@type":"EntryPoint","urlTemplate":"https:\/\/www.bcns7s.com\/?s={search_term_string}"},"query-input":{"@type":"PropertyValueSpecification","valueRequired":true,"valueName":"search_term_string"}}],"inLanguage":"es"}]}},"_links":{"self":[{"href":"https:\/\/www.bcns7s.com\/es\/wp-json\/wp\/v2\/pages\/524","targetHints":{"allow":["GET"]}}],"collection":[{"href":"https:\/\/www.bcns7s.com\/es\/wp-json\/wp\/v2\/pages"}],"about":[{"href":"https:\/\/www.bcns7s.com\/es\/wp-json\/wp\/v2\/types\/page"}],"author":[{"embeddable":true,"href":"https:\/\/www.bcns7s.com\/es\/wp-json\/wp\/v2\/users\/5666"}],"replies":[{"embeddable":true,"href":"https:\/\/www.bcns7s.com\/es\/wp-json\/wp\/v2\/comments?post=524"}],"version-history":[{"count":8,"href":"https:\/\/www.bcns7s.com\/es\/wp-json\/wp\/v2\/pages\/524\/revisions"}],"predecessor-version":[{"id":1638,"href":"https:\/\/www.bcns7s.com\/es\/wp-json\/wp\/v2\/pages\/524\/revisions\/1638"}],"wp:attachment":[{"href":"https:\/\/www.bcns7s.com\/es\/wp-json\/wp\/v2\/media?parent=524"}],"curies":[{"name":"wp","href":"https:\/\/api.w.org\/{rel}","templated":true}]}}