{"id":483,"date":"2013-11-05T15:09:54","date_gmt":"2013-11-05T15:09:54","guid":{"rendered":"http:\/\/bcns7s.com\/?page_id=483"},"modified":"2020-09-11T16:08:25","modified_gmt":"2020-09-11T16:08:25","slug":"seguro","status":"publish","type":"page","link":"https:\/\/www.bcns7s.com\/es\/festival\/seguro\/","title":{"rendered":"Seguro"},"content":{"rendered":"<p>Cada participante debe disponer de un seguro individual\/colectivo v\u00e1lido en Espa\u00f1a durante todo el Festival cubriendo cualquier enfermedad, virus, incidente, accidente, destrozos, perdidas, robo etc &#8230;<\/p>\n<p>Este seguro deber\u00e1 cubrirles contra cualquier acontecimiento adverso y perjudicial durante su estancia en el territorio espa\u00f1ol, incluyendo no solamente los encuentros deportivos del torneo pero tambi\u00e9n los diferentes actos sociales (fiesta de bienvenida, cena de gala) programados durante el Festival.<\/p>\n<p>Antes del Festival,\u00a0de cara\u00a0al torneo deportivo,\u00a0nos tendr\u00e9is que transmitir una copia\u00a0del\u00a0<strong>seguro colectivo del equipo y\/o de las licencias federativas de cada jugador(a), documento indispensable para tener una cobertura m\u00e9dica<\/strong>\u00a0en caso de lesi\u00f3n durante los partidos de rugby.<\/p>\n<p>Deber\u00e9is tambi\u00e9n firmar el\u00a0<strong>reglamento del Festival<\/strong> eximiendo la responsabilidad del comit\u00e9 de organizaci\u00f3n en caso de lesiones, accidentes o incidentes.<\/p>\n<p><strong>El equipo inscrito que no presente estos documentos antes del Festival no podr\u00e1 participar al Festival<\/strong>.<\/p>\n<p>Un equipo m\u00e9dico estar\u00e1 presente durante todo el torneo para aportar los primeros cuidados auxiliaros.<\/p>\n<p>El hospital m\u00e1s cercano est\u00e1 a unos 5 mns en ambulancia de los Campos.<\/p>\n","protected":false},"excerpt":{"rendered":"<p>Cada participante debe disponer de un seguro individual\/colectivo v\u00e1lido en Espa\u00f1a durante todo el Festival cubriendo cualquier enfermedad, virus, incidente, accidente, destrozos, perdidas, robo etc &#8230; Este seguro deber\u00e1 cubrirles &#8230;<\/p>\n","protected":false},"author":5666,"featured_media":0,"parent":646,"menu_order":0,"comment_status":"closed","ping_status":"closed","template":"","meta":{"footnotes":""},"class_list":["post-483","page","type-page","status-publish","hentry"],"yoast_head":"<!-- This site is optimized with the Yoast SEO plugin v27.4 - https:\/\/yoast.com\/product\/yoast-seo-wordpress\/ -->\n<title>Seguro - Barcelona Sunshine 7s<\/title>\n<meta name=\"robots\" content=\"index, follow, max-snippet:-1, max-image-preview:large, max-video-preview:-1\" \/>\n<link rel=\"canonical\" href=\"https:\/\/www.bcns7s.com\/es\/festival\/seguro\/\" \/>\n<meta property=\"og:locale\" content=\"es_ES\" \/>\n<meta property=\"og:type\" content=\"article\" \/>\n<meta property=\"og:title\" content=\"Seguro - Barcelona Sunshine 7s\" \/>\n<meta property=\"og:description\" content=\"Cada participante debe disponer de un seguro individual\/colectivo v\u00e1lido en Espa\u00f1a durante todo el Festival cubriendo cualquier enfermedad, virus, incidente, accidente, destrozos, perdidas, robo etc &#8230; Este seguro deber\u00e1 cubrirles ...\" \/>\n<meta property=\"og:url\" content=\"https:\/\/www.bcns7s.com\/es\/festival\/seguro\/\" \/>\n<meta property=\"og:site_name\" content=\"Barcelona Sunshine 7s\" \/>\n<meta property=\"article:modified_time\" content=\"2020-09-11T16:08:25+00:00\" \/>\n<meta name=\"twitter:card\" content=\"summary_large_image\" \/>\n<meta name=\"twitter:label1\" content=\"Tiempo de lectura\" \/>\n\t<meta name=\"twitter:data1\" content=\"1 minuto\" \/>\n<script type=\"application\/ld+json\" class=\"yoast-schema-graph\">{\"@context\":\"https:\\\/\\\/schema.org\",\"@graph\":[{\"@type\":\"WebPage\",\"@id\":\"https:\\\/\\\/www.bcns7s.com\\\/es\\\/festival\\\/seguro\\\/\",\"url\":\"https:\\\/\\\/www.bcns7s.com\\\/es\\\/festival\\\/seguro\\\/\",\"name\":\"Seguro - Barcelona Sunshine 7s\",\"isPartOf\":{\"@id\":\"https:\\\/\\\/www.bcns7s.com\\\/#website\"},\"datePublished\":\"2013-11-05T15:09:54+00:00\",\"dateModified\":\"2020-09-11T16:08:25+00:00\",\"breadcrumb\":{\"@id\":\"https:\\\/\\\/www.bcns7s.com\\\/es\\\/festival\\\/seguro\\\/#breadcrumb\"},\"inLanguage\":\"es\",\"potentialAction\":[{\"@type\":\"ReadAction\",\"target\":[\"https:\\\/\\\/www.bcns7s.com\\\/es\\\/festival\\\/seguro\\\/\"]}]},{\"@type\":\"BreadcrumbList\",\"@id\":\"https:\\\/\\\/www.bcns7s.com\\\/es\\\/festival\\\/seguro\\\/#breadcrumb\",\"itemListElement\":[{\"@type\":\"ListItem\",\"position\":1,\"name\":\"Home\",\"item\":\"https:\\\/\\\/www.bcns7s.com\\\/es\\\/\"},{\"@type\":\"ListItem\",\"position\":2,\"name\":\"Festival\",\"item\":\"https:\\\/\\\/www.bcns7s.com\\\/festival\\\/\"},{\"@type\":\"ListItem\",\"position\":3,\"name\":\"Seguro\"}]},{\"@type\":\"WebSite\",\"@id\":\"https:\\\/\\\/www.bcns7s.com\\\/#website\",\"url\":\"https:\\\/\\\/www.bcns7s.com\\\/\",\"name\":\"Barcelona Sunshine 7s\",\"description\":\"\",\"potentialAction\":[{\"@type\":\"SearchAction\",\"target\":{\"@type\":\"EntryPoint\",\"urlTemplate\":\"https:\\\/\\\/www.bcns7s.com\\\/?s={search_term_string}\"},\"query-input\":{\"@type\":\"PropertyValueSpecification\",\"valueRequired\":true,\"valueName\":\"search_term_string\"}}],\"inLanguage\":\"es\"}]}<\/script>\n<!-- \/ Yoast SEO plugin. -->","yoast_head_json":{"title":"Seguro - Barcelona Sunshine 7s","robots":{"index":"index","follow":"follow","max-snippet":"max-snippet:-1","max-image-preview":"max-image-preview:large","max-video-preview":"max-video-preview:-1"},"canonical":"https:\/\/www.bcns7s.com\/es\/festival\/seguro\/","og_locale":"es_ES","og_type":"article","og_title":"Seguro - Barcelona Sunshine 7s","og_description":"Cada participante debe disponer de un seguro individual\/colectivo v\u00e1lido en Espa\u00f1a durante todo el Festival cubriendo cualquier enfermedad, virus, incidente, accidente, destrozos, perdidas, robo etc &#8230; Este seguro deber\u00e1 cubrirles ...","og_url":"https:\/\/www.bcns7s.com\/es\/festival\/seguro\/","og_site_name":"Barcelona Sunshine 7s","article_modified_time":"2020-09-11T16:08:25+00:00","twitter_card":"summary_large_image","twitter_misc":{"Tiempo de lectura":"1 minuto"},"schema":{"@context":"https:\/\/schema.org","@graph":[{"@type":"WebPage","@id":"https:\/\/www.bcns7s.com\/es\/festival\/seguro\/","url":"https:\/\/www.bcns7s.com\/es\/festival\/seguro\/","name":"Seguro - Barcelona Sunshine 7s","isPartOf":{"@id":"https:\/\/www.bcns7s.com\/#website"},"datePublished":"2013-11-05T15:09:54+00:00","dateModified":"2020-09-11T16:08:25+00:00","breadcrumb":{"@id":"https:\/\/www.bcns7s.com\/es\/festival\/seguro\/#breadcrumb"},"inLanguage":"es","potentialAction":[{"@type":"ReadAction","target":["https:\/\/www.bcns7s.com\/es\/festival\/seguro\/"]}]},{"@type":"BreadcrumbList","@id":"https:\/\/www.bcns7s.com\/es\/festival\/seguro\/#breadcrumb","itemListElement":[{"@type":"ListItem","position":1,"name":"Home","item":"https:\/\/www.bcns7s.com\/es\/"},{"@type":"ListItem","position":2,"name":"Festival","item":"https:\/\/www.bcns7s.com\/festival\/"},{"@type":"ListItem","position":3,"name":"Seguro"}]},{"@type":"WebSite","@id":"https:\/\/www.bcns7s.com\/#website","url":"https:\/\/www.bcns7s.com\/","name":"Barcelona Sunshine 7s","description":"","potentialAction":[{"@type":"SearchAction","target":{"@type":"EntryPoint","urlTemplate":"https:\/\/www.bcns7s.com\/?s={search_term_string}"},"query-input":{"@type":"PropertyValueSpecification","valueRequired":true,"valueName":"search_term_string"}}],"inLanguage":"es"}]}},"_links":{"self":[{"href":"https:\/\/www.bcns7s.com\/es\/wp-json\/wp\/v2\/pages\/483","targetHints":{"allow":["GET"]}}],"collection":[{"href":"https:\/\/www.bcns7s.com\/es\/wp-json\/wp\/v2\/pages"}],"about":[{"href":"https:\/\/www.bcns7s.com\/es\/wp-json\/wp\/v2\/types\/page"}],"author":[{"embeddable":true,"href":"https:\/\/www.bcns7s.com\/es\/wp-json\/wp\/v2\/users\/5666"}],"replies":[{"embeddable":true,"href":"https:\/\/www.bcns7s.com\/es\/wp-json\/wp\/v2\/comments?post=483"}],"version-history":[{"count":5,"href":"https:\/\/www.bcns7s.com\/es\/wp-json\/wp\/v2\/pages\/483\/revisions"}],"predecessor-version":[{"id":1637,"href":"https:\/\/www.bcns7s.com\/es\/wp-json\/wp\/v2\/pages\/483\/revisions\/1637"}],"up":[{"embeddable":true,"href":"https:\/\/www.bcns7s.com\/es\/wp-json\/wp\/v2\/pages\/646"}],"wp:attachment":[{"href":"https:\/\/www.bcns7s.com\/es\/wp-json\/wp\/v2\/media?parent=483"}],"curies":[{"name":"wp","href":"https:\/\/api.w.org\/{rel}","templated":true}]}}